{"id":26759,"date":"2024-11-16T11:24:20","date_gmt":"2024-11-16T10:24:20","guid":{"rendered":"https:\/\/test.uhren-fan.de\/?post_type=product&#038;p=26759"},"modified":"2026-01-07T15:56:16","modified_gmt":"2026-01-07T14:56:16","slug":"nomos-glashuette-ludwig-special-model-f-siemens-ref-201","status":"publish","type":"product","link":"http:\/\/test.uhren-fan.de\/en\/product\/nomos-glashuette-ludwig-special-model-f-siemens-ref-201\/","title":{"rendered":"NOMOS GLASH\u00dcTTE | Ludwig Handaufzug Stahlboden | Ref. 201 &#8211; Full Set &#8211; NOS"},"content":{"rendered":"<p>All photos show exactly the item we offer - no stock images!<br \/>\nThis item is taxed in accordance with \u00a7 25 A UStG - VAT cannot be shown.<\/p>\n<p>The NOMOS Glash\u00fctte Ludwig Caliber Alpha with the reference 201 is a classic and elegant wristwatch that impresses with its minimalist design. The case is made of stainless steel and has the typical Ludwig shape with clear lines and a classic appearance. The diameter of the case is 35 mm. A sapphire crystal protects the dial and a steel back protects the movement. The dial is in a light, silver-plated color, which underlines the classic elegance of the watch. Roman numerals ensure excellent legibility and give the watch a timeless character. The small second is located at 6 o'clock. The watch comes with a black shell cordovan leather strap and features a stainless steel pin buckle with SIEMENS logo for an elegant and comfortable fit. The watch is powered by a hand-wound movement, typically the NOMOS Alpha movement. The movement has a high degree of accuracy.<\/p>\n<p>Functions: Hours, minutes, small seconds.<br \/>\nBesondere Merkmale: Die Uhr verk\u00f6rpert die schlichte Eleganz und die hohe Uhrmacherkunst von NOMOS Glash\u00fctte.<\/p>\n<p>Die NOMOS Glash\u00fctte Ludwig Kaliber Alpha mit der Referenz 201 besticht in mit ihrem klassisches Design und der hochwertigen Verarbeitung. Sie ist ein besonderes St\u00fcck Geschichte f\u00fcr Liebhaber von NOMOS Uhren.<\/p>\n<p><strong>For more information, see Technical Details.<\/strong><\/p>\n<p>&nbsp;<\/p>","protected":false},"excerpt":{"rendered":"<p><strong>original box, original papers (full set, NOS)<\/strong><br \/>\n<strong>Condition:<\/strong> with previous owner | as good as new | unworn<br \/>\n<strong>Date of first sale:<\/strong> 2012<\/p>\n<p>Die NOMOS GLASH\u00dcTTE Ludwig Ref. 201 ist ein wahres Meisterwerk der Zeitmesskunst. Mit ihrem klaren, eleganten Design und der klassischen R\u00f6mischen Ziffernanzeige verk\u00f6rpert diese Uhr eine zeitlose Sch\u00f6nheit, die in jedem Moment zu gl\u00e4nzen wei\u00df. Ihr NOS-Zustand macht sie zu einem besonderen Schatz \u2013 ungetragen, wie frisch aus der Manufaktur, doch mit einer Geschichte, die in jedem Detail sp\u00fcrbar ist. Das Full Set f\u00fcgt der Uhr eine zus\u00e4tzliche Note der Exklusivit\u00e4t hinzu \u2013 Originalbox, Papiere und alles, was zu dieser au\u00dfergew\u00f6hnlichen Uhr geh\u00f6rt, machen sie zu einem wahrer Sammlerst\u00fcck. Die Ludwig Ref. 201 ist ein Ausdruck von Stil, Pr\u00e4zision und einem unverg\u00e4nglichen Charme, der sowohl in der Vergangenheit verwurzelt als auch in der Gegenwart strahlt.<\/p>","protected":false},"featured_media":25333,"template":"","meta":{"_acf_changed":false},"product_brand":[],"product_cat":[689,695],"product_tag":[],"class_list":{"0":"post-26759","1":"product","2":"type-product","3":"status-publish","4":"has-post-thumbnail","6":"product_cat-herrenuhren","7":"product_cat-damenuhren","9":"first","10":"instock","11":"sold-individually","12":"shipping-taxable","13":"purchasable","14":"product-type-simple"},"acf":[],"yoast_head":"<!-- This site is optimized with the Yoast SEO plugin v26.6 - https:\/\/yoast.com\/wordpress\/plugins\/seo\/ -->\n<title>NOMOS GLASH\u00dcTTE | Ludwig Handaufzug Stahlboden | Ref. 201 - Full Set - NOS - Uhren-Fan<\/title>\n<meta name=\"description\" content=\"UHREN-FAN.DE | Luxusuhren gebraucht kaufen &amp; verkaufen | NOMOS GLASH\u00dcTTE | Ludwig Handaufzug Stahlboden | Ref. 201 - Full Set - NOS\" \/>\n<meta name=\"robots\" content=\"noindex, follow, max-snippet:-1, max-image-preview:large, max-video-preview:-1\" \/>\n<meta property=\"og:locale\" content=\"en_US\" \/>\n<meta property=\"og:type\" content=\"article\" \/>\n<meta property=\"og:title\" content=\"NOMOS GLASH\u00dcTTE | Ludwig Handaufzug Stahlboden | Ref. 201 - Full Set - NOS - Uhren-Fan\" \/>\n<meta property=\"og:description\" content=\"UHREN-FAN.DE | Luxusuhren gebraucht kaufen &amp; verkaufen | NOMOS GLASH\u00dcTTE | Ludwig Handaufzug Stahlboden | Ref. 201 - Full Set - NOS\" \/>\n<meta property=\"og:url\" content=\"http:\/\/test.uhren-fan.de\/en\/product\/nomos-glashuette-ludwig-special-model-f-siemens-ref-201\/\" \/>\n<meta property=\"og:site_name\" content=\"Uhren-Fan\" \/>\n<meta property=\"article:publisher\" content=\"https:\/\/www.facebook.com\/UHRENFAN.DE\" \/>\n<meta property=\"article:modified_time\" content=\"2026-01-07T14:56:16+00:00\" \/>\n<meta property=\"og:image\" content=\"http:\/\/test.uhren-fan.de\/wp-content\/uploads\/2026\/01\/nomos-glashuette-ludwig-handaufzug-201-weisses-zifferblatt-nos-full-set-03-1912-1-1.jpg\" \/>\n\t<meta property=\"og:image:width\" content=\"1200\" \/>\n\t<meta property=\"og:image:height\" content=\"1400\" \/>\n\t<meta property=\"og:image:type\" content=\"image\/jpeg\" \/>\n<meta name=\"twitter:card\" content=\"summary_large_image\" \/>\n<meta name=\"twitter:label1\" content=\"Est. reading time\" \/>\n\t<meta name=\"twitter:data1\" content=\"1 minute\" \/>\n<script type=\"application\/ld+json\" class=\"yoast-schema-graph\">{\"@context\":\"https:\/\/schema.org\",\"@graph\":[{\"@type\":\"WebPage\",\"@id\":\"http:\/\/test.uhren-fan.de\/produkt\/nomos-glashuette-ludwig-sondermodell-f-siemens-ref-201\/\",\"url\":\"http:\/\/test.uhren-fan.de\/produkt\/nomos-glashuette-ludwig-sondermodell-f-siemens-ref-201\/\",\"name\":\"NOMOS GLASH\u00dcTTE | Ludwig Handaufzug Stahlboden | Ref. 201 - Full Set - NOS - Uhren-Fan\",\"isPartOf\":{\"@id\":\"https:\/\/test.uhren-fan.de\/#website\"},\"primaryImageOfPage\":{\"@id\":\"http:\/\/test.uhren-fan.de\/produkt\/nomos-glashuette-ludwig-sondermodell-f-siemens-ref-201\/#primaryimage\"},\"image\":{\"@id\":\"http:\/\/test.uhren-fan.de\/produkt\/nomos-glashuette-ludwig-sondermodell-f-siemens-ref-201\/#primaryimage\"},\"thumbnailUrl\":\"http:\/\/test.uhren-fan.de\/wp-content\/uploads\/2026\/01\/nomos-glashuette-ludwig-handaufzug-201-weisses-zifferblatt-nos-full-set-03-1912-1-1.jpg\",\"datePublished\":\"2024-11-16T10:24:20+00:00\",\"dateModified\":\"2026-01-07T14:56:16+00:00\",\"description\":\"UHREN-FAN.DE | Luxusuhren gebraucht kaufen & verkaufen | NOMOS GLASH\u00dcTTE | Ludwig Handaufzug Stahlboden | Ref. 201 - Full Set - NOS\",\"breadcrumb\":{\"@id\":\"http:\/\/test.uhren-fan.de\/produkt\/nomos-glashuette-ludwig-sondermodell-f-siemens-ref-201\/#breadcrumb\"},\"inLanguage\":\"en-US\",\"potentialAction\":[{\"@type\":\"ReadAction\",\"target\":[\"http:\/\/test.uhren-fan.de\/produkt\/nomos-glashuette-ludwig-sondermodell-f-siemens-ref-201\/\"]}]},{\"@type\":\"ImageObject\",\"inLanguage\":\"en-US\",\"@id\":\"http:\/\/test.uhren-fan.de\/produkt\/nomos-glashuette-ludwig-sondermodell-f-siemens-ref-201\/#primaryimage\",\"url\":\"http:\/\/test.uhren-fan.de\/wp-content\/uploads\/2026\/01\/nomos-glashuette-ludwig-handaufzug-201-weisses-zifferblatt-nos-full-set-03-1912-1-1.jpg\",\"contentUrl\":\"http:\/\/test.uhren-fan.de\/wp-content\/uploads\/2026\/01\/nomos-glashuette-ludwig-handaufzug-201-weisses-zifferblatt-nos-full-set-03-1912-1-1.jpg\",\"width\":1200,\"height\":1400,\"caption\":\"NOMOS GLASH\u00dcTTE Ludwig Handaufzug Referenz 201 mit weissem Zifferblatt\"},{\"@type\":\"BreadcrumbList\",\"@id\":\"http:\/\/test.uhren-fan.de\/produkt\/nomos-glashuette-ludwig-sondermodell-f-siemens-ref-201\/#breadcrumb\",\"itemListElement\":[{\"@type\":\"ListItem\",\"position\":1,\"name\":\"Startseite\",\"item\":\"https:\/\/test.uhren-fan.de\/\"},{\"@type\":\"ListItem\",\"position\":2,\"name\":\"UHREN-FAN.DE\",\"item\":\"https:\/\/test.uhren-fan.de\/shop\/\"},{\"@type\":\"ListItem\",\"position\":3,\"name\":\"NOMOS GLASH\u00dcTTE | Ludwig Handaufzug Stahlboden | Ref. 201 &#8211; Full Set &#8211; NOS\"}]},{\"@type\":\"WebSite\",\"@id\":\"https:\/\/test.uhren-fan.de\/#website\",\"url\":\"https:\/\/test.uhren-fan.de\/\",\"name\":\"UHREN-FAN.DE\",\"description\":\"Luxusuhren zum fairen Preis\",\"publisher\":{\"@id\":\"https:\/\/test.uhren-fan.de\/#organization\"},\"alternateName\":\"UHREN-FAN.DE\",\"potentialAction\":[{\"@type\":\"SearchAction\",\"target\":{\"@type\":\"EntryPoint\",\"urlTemplate\":\"https:\/\/test.uhren-fan.de\/?s={search_term_string}\"},\"query-input\":{\"@type\":\"PropertyValueSpecification\",\"valueRequired\":true,\"valueName\":\"search_term_string\"}}],\"inLanguage\":\"en-US\"},{\"@type\":\"Organization\",\"@id\":\"https:\/\/test.uhren-fan.de\/#organization\",\"name\":\"UHREN-FAN.DE\",\"alternateName\":\"UHREN-FAN.DE\",\"url\":\"https:\/\/test.uhren-fan.de\/\",\"logo\":{\"@type\":\"ImageObject\",\"inLanguage\":\"en-US\",\"@id\":\"https:\/\/test.uhren-fan.de\/#\/schema\/logo\/image\/\",\"url\":\"https:\/\/test.uhren-fan.de\/wp-content\/uploads\/2024\/10\/Logo_horiz_blk@2x.png\",\"contentUrl\":\"https:\/\/test.uhren-fan.de\/wp-content\/uploads\/2024\/10\/Logo_horiz_blk@2x.png\",\"width\":345,\"height\":64,\"caption\":\"UHREN-FAN.DE\"},\"image\":{\"@id\":\"https:\/\/test.uhren-fan.de\/#\/schema\/logo\/image\/\"},\"sameAs\":[\"https:\/\/www.facebook.com\/UHRENFAN.DE\"]}]}<\/script>\n<!-- \/ Yoast SEO plugin. -->","yoast_head_json":{"title":"NOMOS GLASH\u00dcTTE | Ludwig Handaufzug Stahlboden | Ref. 201 - Full Set - NOS - Uhren-Fan","description":"UHREN-FAN.DE | Luxusuhren gebraucht kaufen & verkaufen | NOMOS GLASH\u00dcTTE | Ludwig Handaufzug Stahlboden | Ref. 201 - Full Set - NOS","robots":{"index":"noindex","follow":"follow","max-snippet":"max-snippet:-1","max-image-preview":"max-image-preview:large","max-video-preview":"max-video-preview:-1"},"og_locale":"en_US","og_type":"article","og_title":"NOMOS GLASH\u00dcTTE | Ludwig Handaufzug Stahlboden | Ref. 201 - Full Set - NOS - Uhren-Fan","og_description":"UHREN-FAN.DE | Luxusuhren gebraucht kaufen & verkaufen | NOMOS GLASH\u00dcTTE | Ludwig Handaufzug Stahlboden | Ref. 201 - Full Set - NOS","og_url":"http:\/\/test.uhren-fan.de\/en\/product\/nomos-glashuette-ludwig-special-model-f-siemens-ref-201\/","og_site_name":"Uhren-Fan","article_publisher":"https:\/\/www.facebook.com\/UHRENFAN.DE","article_modified_time":"2026-01-07T14:56:16+00:00","og_image":[{"width":1200,"height":1400,"url":"http:\/\/test.uhren-fan.de\/wp-content\/uploads\/2026\/01\/nomos-glashuette-ludwig-handaufzug-201-weisses-zifferblatt-nos-full-set-03-1912-1-1.jpg","type":"image\/jpeg"}],"twitter_card":"summary_large_image","twitter_misc":{"Est. reading time":"1 minute"},"schema":{"@context":"https:\/\/schema.org","@graph":[{"@type":"WebPage","@id":"http:\/\/test.uhren-fan.de\/produkt\/nomos-glashuette-ludwig-sondermodell-f-siemens-ref-201\/","url":"http:\/\/test.uhren-fan.de\/produkt\/nomos-glashuette-ludwig-sondermodell-f-siemens-ref-201\/","name":"NOMOS GLASH\u00dcTTE | Ludwig Handaufzug Stahlboden | Ref. 201 - Full Set - NOS - Uhren-Fan","isPartOf":{"@id":"https:\/\/test.uhren-fan.de\/#website"},"primaryImageOfPage":{"@id":"http:\/\/test.uhren-fan.de\/produkt\/nomos-glashuette-ludwig-sondermodell-f-siemens-ref-201\/#primaryimage"},"image":{"@id":"http:\/\/test.uhren-fan.de\/produkt\/nomos-glashuette-ludwig-sondermodell-f-siemens-ref-201\/#primaryimage"},"thumbnailUrl":"http:\/\/test.uhren-fan.de\/wp-content\/uploads\/2026\/01\/nomos-glashuette-ludwig-handaufzug-201-weisses-zifferblatt-nos-full-set-03-1912-1-1.jpg","datePublished":"2024-11-16T10:24:20+00:00","dateModified":"2026-01-07T14:56:16+00:00","description":"UHREN-FAN.DE | Luxusuhren gebraucht kaufen & verkaufen | NOMOS GLASH\u00dcTTE | Ludwig Handaufzug Stahlboden | Ref. 201 - Full Set - NOS","breadcrumb":{"@id":"http:\/\/test.uhren-fan.de\/produkt\/nomos-glashuette-ludwig-sondermodell-f-siemens-ref-201\/#breadcrumb"},"inLanguage":"en-US","potentialAction":[{"@type":"ReadAction","target":["http:\/\/test.uhren-fan.de\/produkt\/nomos-glashuette-ludwig-sondermodell-f-siemens-ref-201\/"]}]},{"@type":"ImageObject","inLanguage":"en-US","@id":"http:\/\/test.uhren-fan.de\/produkt\/nomos-glashuette-ludwig-sondermodell-f-siemens-ref-201\/#primaryimage","url":"http:\/\/test.uhren-fan.de\/wp-content\/uploads\/2026\/01\/nomos-glashuette-ludwig-handaufzug-201-weisses-zifferblatt-nos-full-set-03-1912-1-1.jpg","contentUrl":"http:\/\/test.uhren-fan.de\/wp-content\/uploads\/2026\/01\/nomos-glashuette-ludwig-handaufzug-201-weisses-zifferblatt-nos-full-set-03-1912-1-1.jpg","width":1200,"height":1400,"caption":"NOMOS GLASH\u00dcTTE Ludwig Handaufzug Referenz 201 mit weissem Zifferblatt"},{"@type":"BreadcrumbList","@id":"http:\/\/test.uhren-fan.de\/produkt\/nomos-glashuette-ludwig-sondermodell-f-siemens-ref-201\/#breadcrumb","itemListElement":[{"@type":"ListItem","position":1,"name":"Startseite","item":"https:\/\/test.uhren-fan.de\/"},{"@type":"ListItem","position":2,"name":"UHREN-FAN.DE","item":"https:\/\/test.uhren-fan.de\/shop\/"},{"@type":"ListItem","position":3,"name":"NOMOS GLASH\u00dcTTE | Ludwig Handaufzug Stahlboden | Ref. 201 &#8211; Full Set &#8211; NOS"}]},{"@type":"WebSite","@id":"https:\/\/test.uhren-fan.de\/#website","url":"https:\/\/test.uhren-fan.de\/","name":"UHREN-FAN.DE","description":"Luxury watches at a fair price","publisher":{"@id":"https:\/\/test.uhren-fan.de\/#organization"},"alternateName":"UHREN-FAN.DE","potentialAction":[{"@type":"SearchAction","target":{"@type":"EntryPoint","urlTemplate":"https:\/\/test.uhren-fan.de\/?s={search_term_string}"},"query-input":{"@type":"PropertyValueSpecification","valueRequired":true,"valueName":"search_term_string"}}],"inLanguage":"en-US"},{"@type":"Organization","@id":"https:\/\/test.uhren-fan.de\/#organization","name":"UHREN-FAN.DE","alternateName":"UHREN-FAN.DE","url":"https:\/\/test.uhren-fan.de\/","logo":{"@type":"ImageObject","inLanguage":"en-US","@id":"https:\/\/test.uhren-fan.de\/#\/schema\/logo\/image\/","url":"https:\/\/test.uhren-fan.de\/wp-content\/uploads\/2024\/10\/Logo_horiz_blk@2x.png","contentUrl":"https:\/\/test.uhren-fan.de\/wp-content\/uploads\/2024\/10\/Logo_horiz_blk@2x.png","width":345,"height":64,"caption":"UHREN-FAN.DE"},"image":{"@id":"https:\/\/test.uhren-fan.de\/#\/schema\/logo\/image\/"},"sameAs":["https:\/\/www.facebook.com\/UHRENFAN.DE"]}]}},"_links":{"self":[{"href":"http:\/\/test.uhren-fan.de\/en\/wp-json\/wp\/v2\/product\/26759","targetHints":{"allow":["GET"]}}],"collection":[{"href":"http:\/\/test.uhren-fan.de\/en\/wp-json\/wp\/v2\/product"}],"about":[{"href":"http:\/\/test.uhren-fan.de\/en\/wp-json\/wp\/v2\/types\/product"}],"wp:featuredmedia":[{"embeddable":true,"href":"http:\/\/test.uhren-fan.de\/en\/wp-json\/wp\/v2\/media\/25333"}],"wp:attachment":[{"href":"http:\/\/test.uhren-fan.de\/en\/wp-json\/wp\/v2\/media?parent=26759"}],"wp:term":[{"taxonomy":"product_brand","embeddable":true,"href":"http:\/\/test.uhren-fan.de\/en\/wp-json\/wp\/v2\/product_brand?post=26759"},{"taxonomy":"product_cat","embeddable":true,"href":"http:\/\/test.uhren-fan.de\/en\/wp-json\/wp\/v2\/product_cat?post=26759"},{"taxonomy":"product_tag","embeddable":true,"href":"http:\/\/test.uhren-fan.de\/en\/wp-json\/wp\/v2\/product_tag?post=26759"}],"curies":[{"name":"wp","href":"https:\/\/api.w.org\/{rel}","templated":true}]}}