{"id":26769,"date":"2024-11-05T21:10:03","date_gmt":"2024-11-05T20:10:03","guid":{"rendered":"https:\/\/test.uhren-fan.de\/?post_type=product&#038;p=26769"},"modified":"2026-01-07T15:56:19","modified_gmt":"2026-01-07T14:56:19","slug":"a-lange-soehne-large-lange-1-platinum-folding-clasp-service-2023-ref-117-025","status":"publish","type":"product","link":"http:\/\/test.uhren-fan.de\/en\/product\/a-lange-soehne-large-lange-1-platinum-folding-clasp-service-2023-ref-117-025\/","title":{"rendered":"A. LANGE &amp; S\u00d6HNE | Large Lange 1 + platinum folding clasp Service 2023 | Ref. 117.025"},"content":{"rendered":"<p>All photos show exactly the article we offer - no stock images!<br \/>\nThis item is taxed in accordance with \u00a7 25 A UStG - VAT cannot be shown.<\/p>\n<p><strong>Movement:<\/strong><br \/>\nManual winding | Lange caliber L095.1 | 42 jewels of which 7 in screwed gold chatons | double mainspring barrel | decentralized time display | stop seconds | hour | minute | small second | patented large date display | 72 h power reserve with UP\/DOWN display<br \/>\n<strong>Case:<\/strong><br \/>\nPlatinum 950 carat | sapphire crystal | screw-down sapphire crystal case back | \u00d8 40.9 mm | height 8.8 mm<br \/>\n<strong>Dial:<\/strong><br \/>\nRhodin\u00e9 | solid silver | applied indices | Roman numerals and hands in rhodium-plated gold<br \/>\n<strong>Bracelet:<\/strong><br \/>\nblack | hand-stitched crocodile leather strap | original folding clasp in platinum<\/p>\n<p><strong>For more information, see Technical Details.<\/strong><\/p>","protected":false},"excerpt":{"rendered":"<p><strong>original box, original papers<\/strong> | 2023 Service<br \/>\n<strong>Condition:<\/strong> worn | without signs of wear<br \/>\n<strong>Date of first sale:<\/strong> 2019<\/p>\n<p>The A. LANGE &amp; S\u00d6HNE Gro\u00dfe Lange 1 in reference 117.025 is a masterpiece of watchmaking that was fitted with a platinum folding clasp in 2023. With its clean, classic design and iconic large date window, this watch represents the highest level of precision and craftsmanship. The high-quality 18-carat platinum case, combined with the fine mechanical movement, makes the watch a luxurious companion for the discerning wearer. The platinum folding clasp provides additional comfort and security when worn. A true collector's item for lovers of exclusive watches. Lange caliber L095.1<\/p>","protected":false},"featured_media":25393,"template":"","meta":{"_acf_changed":false},"product_brand":[],"product_cat":[1657],"product_tag":[],"class_list":{"0":"post-26769","1":"product","2":"type-product","3":"status-publish","4":"has-post-thumbnail","6":"product_cat-archiv","8":"first","9":"outofstock","10":"sold-individually","11":"shipping-taxable","12":"purchasable","13":"product-type-simple"},"acf":[],"yoast_head":"<!-- This site is optimized with the Yoast SEO plugin v26.6 - https:\/\/yoast.com\/wordpress\/plugins\/seo\/ -->\n<title>A. LANGE &amp; S\u00d6HNE | Gro\u00dfe Lange 1 + Platin-Faltschlie\u00dfe Service 2023 | Ref. 117.025 - Uhren-Fan<\/title>\n<meta name=\"description\" content=\"UHREN-FAN.DE | Luxusuhren gebraucht kaufen &amp; verkaufen | A. LANGE &amp; S\u00d6HNE | Gro\u00dfe Lange 1 + Platin-Faltschlie\u00dfe Service 2023 | Ref. 117.025\" \/>\n<meta name=\"robots\" content=\"noindex, follow, max-snippet:-1, max-image-preview:large, max-video-preview:-1\" \/>\n<meta property=\"og:locale\" content=\"en_US\" \/>\n<meta property=\"og:type\" content=\"article\" \/>\n<meta property=\"og:title\" content=\"A. LANGE &amp; S\u00d6HNE | Gro\u00dfe Lange 1 + Platin-Faltschlie\u00dfe Service 2023 | Ref. 117.025 - Uhren-Fan\" \/>\n<meta property=\"og:description\" content=\"UHREN-FAN.DE | Luxusuhren gebraucht kaufen &amp; verkaufen | A. LANGE &amp; S\u00d6HNE | Gro\u00dfe Lange 1 + Platin-Faltschlie\u00dfe Service 2023 | Ref. 117.025\" \/>\n<meta property=\"og:url\" content=\"http:\/\/test.uhren-fan.de\/en\/product\/a-lange-soehne-large-lange-1-platinum-folding-clasp-service-2023-ref-117-025\/\" \/>\n<meta property=\"og:site_name\" content=\"Uhren-Fan\" \/>\n<meta property=\"article:publisher\" content=\"https:\/\/www.facebook.com\/UHRENFAN.DE\" \/>\n<meta property=\"article:modified_time\" content=\"2026-01-07T14:56:19+00:00\" \/>\n<meta property=\"og:image\" content=\"http:\/\/test.uhren-fan.de\/wp-content\/uploads\/2026\/01\/03.1961_1-1-1.jpg\" \/>\n\t<meta property=\"og:image:width\" content=\"1200\" \/>\n\t<meta property=\"og:image:height\" content=\"1400\" \/>\n\t<meta property=\"og:image:type\" content=\"image\/jpeg\" \/>\n<meta name=\"twitter:card\" content=\"summary_large_image\" \/>\n<script type=\"application\/ld+json\" class=\"yoast-schema-graph\">{\"@context\":\"https:\/\/schema.org\",\"@graph\":[{\"@type\":\"WebPage\",\"@id\":\"http:\/\/test.uhren-fan.de\/produkt\/a-lange-soehne-grosse-lange-1-platin-faltschliesse-service-2023-ref-117-025\/\",\"url\":\"http:\/\/test.uhren-fan.de\/produkt\/a-lange-soehne-grosse-lange-1-platin-faltschliesse-service-2023-ref-117-025\/\",\"name\":\"A. LANGE & S\u00d6HNE | Gro\u00dfe Lange 1 + Platin-Faltschlie\u00dfe Service 2023 | Ref. 117.025 - Uhren-Fan\",\"isPartOf\":{\"@id\":\"https:\/\/test.uhren-fan.de\/#website\"},\"primaryImageOfPage\":{\"@id\":\"http:\/\/test.uhren-fan.de\/produkt\/a-lange-soehne-grosse-lange-1-platin-faltschliesse-service-2023-ref-117-025\/#primaryimage\"},\"image\":{\"@id\":\"http:\/\/test.uhren-fan.de\/produkt\/a-lange-soehne-grosse-lange-1-platin-faltschliesse-service-2023-ref-117-025\/#primaryimage\"},\"thumbnailUrl\":\"http:\/\/test.uhren-fan.de\/wp-content\/uploads\/2026\/01\/03.1961_1-1-1.jpg\",\"datePublished\":\"2024-11-05T20:10:03+00:00\",\"dateModified\":\"2026-01-07T14:56:19+00:00\",\"description\":\"UHREN-FAN.DE | Luxusuhren gebraucht kaufen & verkaufen | A. LANGE & S\u00d6HNE | Gro\u00dfe Lange 1 + Platin-Faltschlie\u00dfe Service 2023 | Ref. 117.025\",\"breadcrumb\":{\"@id\":\"http:\/\/test.uhren-fan.de\/produkt\/a-lange-soehne-grosse-lange-1-platin-faltschliesse-service-2023-ref-117-025\/#breadcrumb\"},\"inLanguage\":\"en-US\",\"potentialAction\":[{\"@type\":\"ReadAction\",\"target\":[\"http:\/\/test.uhren-fan.de\/produkt\/a-lange-soehne-grosse-lange-1-platin-faltschliesse-service-2023-ref-117-025\/\"]}]},{\"@type\":\"ImageObject\",\"inLanguage\":\"en-US\",\"@id\":\"http:\/\/test.uhren-fan.de\/produkt\/a-lange-soehne-grosse-lange-1-platin-faltschliesse-service-2023-ref-117-025\/#primaryimage\",\"url\":\"http:\/\/test.uhren-fan.de\/wp-content\/uploads\/2026\/01\/03.1961_1-1-1.jpg\",\"contentUrl\":\"http:\/\/test.uhren-fan.de\/wp-content\/uploads\/2026\/01\/03.1961_1-1-1.jpg\",\"width\":1200,\"height\":1400,\"caption\":\"A. LANGE & S\u00d6HNE\"},{\"@type\":\"BreadcrumbList\",\"@id\":\"http:\/\/test.uhren-fan.de\/produkt\/a-lange-soehne-grosse-lange-1-platin-faltschliesse-service-2023-ref-117-025\/#breadcrumb\",\"itemListElement\":[{\"@type\":\"ListItem\",\"position\":1,\"name\":\"Startseite\",\"item\":\"https:\/\/test.uhren-fan.de\/\"},{\"@type\":\"ListItem\",\"position\":2,\"name\":\"UHREN-FAN.DE\",\"item\":\"https:\/\/test.uhren-fan.de\/shop\/\"},{\"@type\":\"ListItem\",\"position\":3,\"name\":\"A. LANGE &#038; S\u00d6HNE | Gro\u00dfe Lange 1 + Platin-Faltschlie\u00dfe Service 2023 | Ref. 117.025\"}]},{\"@type\":\"WebSite\",\"@id\":\"https:\/\/test.uhren-fan.de\/#website\",\"url\":\"https:\/\/test.uhren-fan.de\/\",\"name\":\"UHREN-FAN.DE\",\"description\":\"Luxusuhren zum fairen Preis\",\"publisher\":{\"@id\":\"https:\/\/test.uhren-fan.de\/#organization\"},\"alternateName\":\"UHREN-FAN.DE\",\"potentialAction\":[{\"@type\":\"SearchAction\",\"target\":{\"@type\":\"EntryPoint\",\"urlTemplate\":\"https:\/\/test.uhren-fan.de\/?s={search_term_string}\"},\"query-input\":{\"@type\":\"PropertyValueSpecification\",\"valueRequired\":true,\"valueName\":\"search_term_string\"}}],\"inLanguage\":\"en-US\"},{\"@type\":\"Organization\",\"@id\":\"https:\/\/test.uhren-fan.de\/#organization\",\"name\":\"UHREN-FAN.DE\",\"alternateName\":\"UHREN-FAN.DE\",\"url\":\"https:\/\/test.uhren-fan.de\/\",\"logo\":{\"@type\":\"ImageObject\",\"inLanguage\":\"en-US\",\"@id\":\"https:\/\/test.uhren-fan.de\/#\/schema\/logo\/image\/\",\"url\":\"https:\/\/test.uhren-fan.de\/wp-content\/uploads\/2024\/10\/Logo_horiz_blk@2x.png\",\"contentUrl\":\"https:\/\/test.uhren-fan.de\/wp-content\/uploads\/2024\/10\/Logo_horiz_blk@2x.png\",\"width\":345,\"height\":64,\"caption\":\"UHREN-FAN.DE\"},\"image\":{\"@id\":\"https:\/\/test.uhren-fan.de\/#\/schema\/logo\/image\/\"},\"sameAs\":[\"https:\/\/www.facebook.com\/UHRENFAN.DE\"]}]}<\/script>\n<!-- \/ Yoast SEO plugin. -->","yoast_head_json":{"title":"A. LANGE & S\u00d6HNE | Gro\u00dfe Lange 1 + Platin-Faltschlie\u00dfe Service 2023 | Ref. 117.025 - Uhren-Fan","description":"UHREN-FAN.EN | Buy &amp; Sell Used Luxury Watches | A. LANGE &amp; S\u00d6HNE | Large Lange 1 + Platinum Folding Clasp Service 2023 | Ref. 117.025","robots":{"index":"noindex","follow":"follow","max-snippet":"max-snippet:-1","max-image-preview":"max-image-preview:large","max-video-preview":"max-video-preview:-1"},"og_locale":"en_US","og_type":"article","og_title":"A. LANGE & S\u00d6HNE | Gro\u00dfe Lange 1 + Platin-Faltschlie\u00dfe Service 2023 | Ref. 117.025 - Uhren-Fan","og_description":"UHREN-FAN.DE | Luxusuhren gebraucht kaufen & verkaufen | A. LANGE & S\u00d6HNE | Gro\u00dfe Lange 1 + Platin-Faltschlie\u00dfe Service 2023 | Ref. 117.025","og_url":"http:\/\/test.uhren-fan.de\/en\/product\/a-lange-soehne-large-lange-1-platinum-folding-clasp-service-2023-ref-117-025\/","og_site_name":"Uhren-Fan","article_publisher":"https:\/\/www.facebook.com\/UHRENFAN.DE","article_modified_time":"2026-01-07T14:56:19+00:00","og_image":[{"width":1200,"height":1400,"url":"http:\/\/test.uhren-fan.de\/wp-content\/uploads\/2026\/01\/03.1961_1-1-1.jpg","type":"image\/jpeg"}],"twitter_card":"summary_large_image","schema":{"@context":"https:\/\/schema.org","@graph":[{"@type":"WebPage","@id":"http:\/\/test.uhren-fan.de\/produkt\/a-lange-soehne-grosse-lange-1-platin-faltschliesse-service-2023-ref-117-025\/","url":"http:\/\/test.uhren-fan.de\/produkt\/a-lange-soehne-grosse-lange-1-platin-faltschliesse-service-2023-ref-117-025\/","name":"A. LANGE & S\u00d6HNE | Gro\u00dfe Lange 1 + Platin-Faltschlie\u00dfe Service 2023 | Ref. 117.025 - Uhren-Fan","isPartOf":{"@id":"https:\/\/test.uhren-fan.de\/#website"},"primaryImageOfPage":{"@id":"http:\/\/test.uhren-fan.de\/produkt\/a-lange-soehne-grosse-lange-1-platin-faltschliesse-service-2023-ref-117-025\/#primaryimage"},"image":{"@id":"http:\/\/test.uhren-fan.de\/produkt\/a-lange-soehne-grosse-lange-1-platin-faltschliesse-service-2023-ref-117-025\/#primaryimage"},"thumbnailUrl":"http:\/\/test.uhren-fan.de\/wp-content\/uploads\/2026\/01\/03.1961_1-1-1.jpg","datePublished":"2024-11-05T20:10:03+00:00","dateModified":"2026-01-07T14:56:19+00:00","description":"UHREN-FAN.EN | Buy &amp; Sell Used Luxury Watches | A. LANGE &amp; S\u00d6HNE | Large Lange 1 + Platinum Folding Clasp Service 2023 | Ref. 117.025","breadcrumb":{"@id":"http:\/\/test.uhren-fan.de\/produkt\/a-lange-soehne-grosse-lange-1-platin-faltschliesse-service-2023-ref-117-025\/#breadcrumb"},"inLanguage":"en-US","potentialAction":[{"@type":"ReadAction","target":["http:\/\/test.uhren-fan.de\/produkt\/a-lange-soehne-grosse-lange-1-platin-faltschliesse-service-2023-ref-117-025\/"]}]},{"@type":"ImageObject","inLanguage":"en-US","@id":"http:\/\/test.uhren-fan.de\/produkt\/a-lange-soehne-grosse-lange-1-platin-faltschliesse-service-2023-ref-117-025\/#primaryimage","url":"http:\/\/test.uhren-fan.de\/wp-content\/uploads\/2026\/01\/03.1961_1-1-1.jpg","contentUrl":"http:\/\/test.uhren-fan.de\/wp-content\/uploads\/2026\/01\/03.1961_1-1-1.jpg","width":1200,"height":1400,"caption":"A. LANGE & S\u00d6HNE"},{"@type":"BreadcrumbList","@id":"http:\/\/test.uhren-fan.de\/produkt\/a-lange-soehne-grosse-lange-1-platin-faltschliesse-service-2023-ref-117-025\/#breadcrumb","itemListElement":[{"@type":"ListItem","position":1,"name":"Startseite","item":"https:\/\/test.uhren-fan.de\/"},{"@type":"ListItem","position":2,"name":"UHREN-FAN.DE","item":"https:\/\/test.uhren-fan.de\/shop\/"},{"@type":"ListItem","position":3,"name":"A. LANGE &#038; S\u00d6HNE | Gro\u00dfe Lange 1 + Platin-Faltschlie\u00dfe Service 2023 | Ref. 117.025"}]},{"@type":"WebSite","@id":"https:\/\/test.uhren-fan.de\/#website","url":"https:\/\/test.uhren-fan.de\/","name":"UHREN-FAN.DE","description":"Luxury watches at a fair price","publisher":{"@id":"https:\/\/test.uhren-fan.de\/#organization"},"alternateName":"UHREN-FAN.DE","potentialAction":[{"@type":"SearchAction","target":{"@type":"EntryPoint","urlTemplate":"https:\/\/test.uhren-fan.de\/?s={search_term_string}"},"query-input":{"@type":"PropertyValueSpecification","valueRequired":true,"valueName":"search_term_string"}}],"inLanguage":"en-US"},{"@type":"Organization","@id":"https:\/\/test.uhren-fan.de\/#organization","name":"UHREN-FAN.DE","alternateName":"UHREN-FAN.DE","url":"https:\/\/test.uhren-fan.de\/","logo":{"@type":"ImageObject","inLanguage":"en-US","@id":"https:\/\/test.uhren-fan.de\/#\/schema\/logo\/image\/","url":"https:\/\/test.uhren-fan.de\/wp-content\/uploads\/2024\/10\/Logo_horiz_blk@2x.png","contentUrl":"https:\/\/test.uhren-fan.de\/wp-content\/uploads\/2024\/10\/Logo_horiz_blk@2x.png","width":345,"height":64,"caption":"UHREN-FAN.DE"},"image":{"@id":"https:\/\/test.uhren-fan.de\/#\/schema\/logo\/image\/"},"sameAs":["https:\/\/www.facebook.com\/UHRENFAN.DE"]}]}},"_links":{"self":[{"href":"http:\/\/test.uhren-fan.de\/en\/wp-json\/wp\/v2\/product\/26769","targetHints":{"allow":["GET"]}}],"collection":[{"href":"http:\/\/test.uhren-fan.de\/en\/wp-json\/wp\/v2\/product"}],"about":[{"href":"http:\/\/test.uhren-fan.de\/en\/wp-json\/wp\/v2\/types\/product"}],"wp:featuredmedia":[{"embeddable":true,"href":"http:\/\/test.uhren-fan.de\/en\/wp-json\/wp\/v2\/media\/25393"}],"wp:attachment":[{"href":"http:\/\/test.uhren-fan.de\/en\/wp-json\/wp\/v2\/media?parent=26769"}],"wp:term":[{"taxonomy":"product_brand","embeddable":true,"href":"http:\/\/test.uhren-fan.de\/en\/wp-json\/wp\/v2\/product_brand?post=26769"},{"taxonomy":"product_cat","embeddable":true,"href":"http:\/\/test.uhren-fan.de\/en\/wp-json\/wp\/v2\/product_cat?post=26769"},{"taxonomy":"product_tag","embeddable":true,"href":"http:\/\/test.uhren-fan.de\/en\/wp-json\/wp\/v2\/product_tag?post=26769"}],"curies":[{"name":"wp","href":"https:\/\/api.w.org\/{rel}","templated":true}]}}