{"id":27930,"date":"2025-11-22T13:11:31","date_gmt":"2025-11-22T12:11:31","guid":{"rendered":"https:\/\/test.uhren-fan.de\/?post_type=product&#038;p=27930"},"modified":"2026-01-07T15:56:59","modified_gmt":"2026-01-07T14:56:59","slug":"muehle-glashuette-edition-black-teutonia-ii-big-date-ref-m1-30-83-full-set-limited","status":"publish","type":"product","link":"http:\/\/test.uhren-fan.de\/en\/product\/muehle-glashuette-edition-black-teutonia-ii-big-date-ref-m1-30-83-full-set-limited\/","title":{"rendered":"M\u00fchle Glash\u00fctte | Edition Black Teutonia II Large Date | Ref. M1-30-83 - Full Set - Limited"},"content":{"rendered":"<p>All photos show exactly the item we offer - no stock images!<br \/>\nThis item is taxed in accordance with \u00a7 25 A UStG - VAT cannot be shown.<\/p>\n<p class=\"my-2 [&amp;+p]:mt-4 [&amp;_strong:has(+br)]:inline-block [&amp;_strong:has(+br)]:pb-2\">There are watches that simply tell the time \u2013 and there are watches that give time a face. The M\u00fchle Glash\u00fctte Edition Schwarze Teutonia II (Ref. M1-30-83) undoubtedly belongs to the second category. It is more than just a timepiece; it is a statement of clarity in a complex world. The striking large date display shows not only the time, but also the soul of a true lover of the finest watchmaking artistry. The dial, with its subtle sheen and clear lines, attracts everyone's attention and leaves no doubt that technical skill meets passion here.<\/p>\n<p class=\"my-2 [&amp;+p]:mt-4 [&amp;_strong:has(+br)]:inline-block [&amp;_strong:has(+br)]:pb-2\">Every detail of this watch\u2014from the flawless craftsmanship of the stainless steel case to the precise M\u00fchle movement with Glash\u00fctte passion\u2014speaks of the highest level of craftsmanship. On the wrist, the Black Teutonia II conveys a feeling of incomparable value, strength, and style.<\/p>\n<p class=\"my-2 [&amp;+p]:mt-4 [&amp;_strong:has(+br)]:inline-block [&amp;_strong:has(+br)]:pb-2\">This watch is an emotional statement for people who love tradition and innovation and are looking for something special. The M\u00fchle Glash\u00fctte Edition Schwarze Teutonia II with large date display is the perfect companion for moments you want to remember forever.<\/p>\n<p><strong>For more information, see Technical Details.<\/strong><\/p>","protected":false},"excerpt":{"rendered":"<p><strong>original box, original papers (full set, limited to 500 pieces)<\/strong><br \/>\n<strong>Condition:<\/strong>\u00a0worn | barely visible signs of wear<br \/>\n<strong>Date of first sale:<\/strong> 2007<\/p>\n<p>The M\u00fchle Glash\u00fctte Edition Schwarze Teutonia II Gro\u00dfdatum (reference M1-30-83) embodies masterful precision and timeless elegance in an extraordinary symbiosis. This exclusive masterpiece combines the classic aesthetics of the Teutonia line with a deep black, powerful charisma that immediately captivates. The M\u00fchle Glash\u00fctte Black Teutonia II Large Date is an instrument for purists. The deep black dial exudes nautical calm, while the striking large date at 12 o'clock gives every day the stage it deserves. Inside, rarely used mechanics are encased in robust Glash\u00fctte steel. This watch is a quiet but powerful statement on the wrist: sovereignty that does not need to shout to be heard.<\/p>","protected":false},"featured_media":26344,"template":"","meta":{"_acf_changed":false},"product_brand":[],"product_cat":[689],"product_tag":[],"class_list":{"0":"post-27930","1":"product","2":"type-product","3":"status-publish","4":"has-post-thumbnail","6":"product_cat-herrenuhren","8":"first","9":"instock","10":"featured","11":"sold-individually","12":"shipping-taxable","13":"purchasable","14":"product-type-simple"},"acf":[],"yoast_head":"<!-- This site is optimized with the Yoast SEO plugin v26.6 - https:\/\/yoast.com\/wordpress\/plugins\/seo\/ -->\n<title>M\u00fchle Glash\u00fctte | Edition Schwarze Teutonia II Gro\u00dfdatum | Ref. M1-30-83 - Full Set - Limitiert - Uhren-Fan<\/title>\n<meta name=\"description\" content=\"UHREN-FAN.DE | Luxusuhren gebraucht kaufen &amp; verkaufen | M\u00fchle Glash\u00fctte | Edition Schwarze Teutonia II Gro\u00dfdatum | Ref. M1-30-83 - Full Set - Limitiert\" \/>\n<meta name=\"robots\" content=\"noindex, follow, max-snippet:-1, max-image-preview:large, max-video-preview:-1\" \/>\n<meta property=\"og:locale\" content=\"en_US\" \/>\n<meta property=\"og:type\" content=\"article\" \/>\n<meta property=\"og:title\" content=\"M\u00fchle Glash\u00fctte | Edition Schwarze Teutonia II Gro\u00dfdatum | Ref. M1-30-83 - Full Set - Limitiert - Uhren-Fan\" \/>\n<meta property=\"og:description\" content=\"UHREN-FAN.DE | Luxusuhren gebraucht kaufen &amp; verkaufen | M\u00fchle Glash\u00fctte | Edition Schwarze Teutonia II Gro\u00dfdatum | Ref. M1-30-83 - Full Set - Limitiert\" \/>\n<meta property=\"og:url\" content=\"https:\/\/test.uhren-fan.de\/en\/product\/muehle-glashuette-edition-black-teutonia-ii-big-date-ref-m1-30-83-full-set-limited\/\" \/>\n<meta property=\"og:site_name\" content=\"Uhren-Fan\" \/>\n<meta property=\"article:publisher\" content=\"https:\/\/www.facebook.com\/UHRENFAN.DE\" \/>\n<meta property=\"article:modified_time\" content=\"2026-01-07T14:56:59+00:00\" \/>\n<meta property=\"og:image\" content=\"https:\/\/test.uhren-fan.de\/wp-content\/uploads\/2026\/01\/muehle-edition-schwarze-teutonia-ii-grossdatum-m1-30-83-front-03.2220-1.jpg\" \/>\n\t<meta property=\"og:image:width\" content=\"1200\" \/>\n\t<meta property=\"og:image:height\" content=\"1200\" \/>\n\t<meta property=\"og:image:type\" content=\"image\/jpeg\" \/>\n<meta name=\"twitter:card\" content=\"summary_large_image\" \/>\n<meta name=\"twitter:label1\" content=\"Est. reading time\" \/>\n\t<meta name=\"twitter:data1\" content=\"1 minute\" \/>\n<script type=\"application\/ld+json\" class=\"yoast-schema-graph\">{\"@context\":\"https:\/\/schema.org\",\"@graph\":[{\"@type\":\"WebPage\",\"@id\":\"https:\/\/test.uhren-fan.de\/en\/product\/muehle-glashuette-edition-black-teutonia-ii-big-date-ref-m1-30-83-full-set-limited\/\",\"url\":\"https:\/\/test.uhren-fan.de\/en\/product\/muehle-glashuette-edition-black-teutonia-ii-big-date-ref-m1-30-83-full-set-limited\/\",\"name\":\"M\u00fchle Glash\u00fctte | Edition Schwarze Teutonia II Gro\u00dfdatum | Ref. M1-30-83 - Full Set - Limitiert - Uhren-Fan\",\"isPartOf\":{\"@id\":\"https:\/\/test.uhren-fan.de\/#website\"},\"primaryImageOfPage\":{\"@id\":\"https:\/\/test.uhren-fan.de\/en\/product\/muehle-glashuette-edition-black-teutonia-ii-big-date-ref-m1-30-83-full-set-limited\/#primaryimage\"},\"image\":{\"@id\":\"https:\/\/test.uhren-fan.de\/en\/product\/muehle-glashuette-edition-black-teutonia-ii-big-date-ref-m1-30-83-full-set-limited\/#primaryimage\"},\"thumbnailUrl\":\"http:\/\/test.uhren-fan.de\/wp-content\/uploads\/2026\/01\/muehle-edition-schwarze-teutonia-ii-grossdatum-m1-30-83-front-03.2220-1.jpg\",\"datePublished\":\"2025-11-22T12:11:31+00:00\",\"dateModified\":\"2026-01-07T14:56:59+00:00\",\"description\":\"UHREN-FAN.DE | Luxusuhren gebraucht kaufen & verkaufen | M\u00fchle Glash\u00fctte | Edition Schwarze Teutonia II Gro\u00dfdatum | Ref. M1-30-83 - Full Set - Limitiert\",\"breadcrumb\":{\"@id\":\"https:\/\/test.uhren-fan.de\/en\/product\/muehle-glashuette-edition-black-teutonia-ii-big-date-ref-m1-30-83-full-set-limited\/#breadcrumb\"},\"inLanguage\":\"en-US\",\"potentialAction\":[{\"@type\":\"ReadAction\",\"target\":[\"https:\/\/test.uhren-fan.de\/en\/product\/muehle-glashuette-edition-black-teutonia-ii-big-date-ref-m1-30-83-full-set-limited\/\"]}]},{\"@type\":\"ImageObject\",\"inLanguage\":\"en-US\",\"@id\":\"https:\/\/test.uhren-fan.de\/en\/product\/muehle-glashuette-edition-black-teutonia-ii-big-date-ref-m1-30-83-full-set-limited\/#primaryimage\",\"url\":\"http:\/\/test.uhren-fan.de\/wp-content\/uploads\/2026\/01\/muehle-edition-schwarze-teutonia-ii-grossdatum-m1-30-83-front-03.2220-1.jpg\",\"contentUrl\":\"http:\/\/test.uhren-fan.de\/wp-content\/uploads\/2026\/01\/muehle-edition-schwarze-teutonia-ii-grossdatum-m1-30-83-front-03.2220-1.jpg\",\"width\":1200,\"height\":1200,\"caption\":\"M\u00dcHLE GLASH\u00dcTTE Edition Schwarze Teutonia II Gro\u00dfdatum Ref. M1-30-83 Front\"},{\"@type\":\"BreadcrumbList\",\"@id\":\"https:\/\/test.uhren-fan.de\/en\/product\/muehle-glashuette-edition-black-teutonia-ii-big-date-ref-m1-30-83-full-set-limited\/#breadcrumb\",\"itemListElement\":[{\"@type\":\"ListItem\",\"position\":1,\"name\":\"Startseite\",\"item\":\"https:\/\/test.uhren-fan.de\/\"},{\"@type\":\"ListItem\",\"position\":2,\"name\":\"UHREN-FAN.DE\",\"item\":\"https:\/\/test.uhren-fan.de\/shop\/\"},{\"@type\":\"ListItem\",\"position\":3,\"name\":\"M\u00fchle Glash\u00fctte | Edition Schwarze Teutonia II Gro\u00dfdatum | Ref. M1-30-83 &#8211; Full Set &#8211; Limitiert\"}]},{\"@type\":\"WebSite\",\"@id\":\"https:\/\/test.uhren-fan.de\/#website\",\"url\":\"https:\/\/test.uhren-fan.de\/\",\"name\":\"UHREN-FAN.DE\",\"description\":\"Luxusuhren zum fairen Preis\",\"publisher\":{\"@id\":\"https:\/\/test.uhren-fan.de\/#organization\"},\"alternateName\":\"UHREN-FAN.DE\",\"potentialAction\":[{\"@type\":\"SearchAction\",\"target\":{\"@type\":\"EntryPoint\",\"urlTemplate\":\"https:\/\/test.uhren-fan.de\/?s={search_term_string}\"},\"query-input\":{\"@type\":\"PropertyValueSpecification\",\"valueRequired\":true,\"valueName\":\"search_term_string\"}}],\"inLanguage\":\"en-US\"},{\"@type\":\"Organization\",\"@id\":\"https:\/\/test.uhren-fan.de\/#organization\",\"name\":\"UHREN-FAN.DE\",\"alternateName\":\"UHREN-FAN.DE\",\"url\":\"https:\/\/test.uhren-fan.de\/\",\"logo\":{\"@type\":\"ImageObject\",\"inLanguage\":\"en-US\",\"@id\":\"https:\/\/test.uhren-fan.de\/#\/schema\/logo\/image\/\",\"url\":\"https:\/\/test.uhren-fan.de\/wp-content\/uploads\/2024\/10\/Logo_horiz_blk@2x.png\",\"contentUrl\":\"https:\/\/test.uhren-fan.de\/wp-content\/uploads\/2024\/10\/Logo_horiz_blk@2x.png\",\"width\":345,\"height\":64,\"caption\":\"UHREN-FAN.DE\"},\"image\":{\"@id\":\"https:\/\/test.uhren-fan.de\/#\/schema\/logo\/image\/\"},\"sameAs\":[\"https:\/\/www.facebook.com\/UHRENFAN.DE\"]}]}<\/script>\n<!-- \/ Yoast SEO plugin. -->","yoast_head_json":{"title":"M\u00fchle Glash\u00fctte | Edition Schwarze Teutonia II Gro\u00dfdatum | Ref. M1-30-83 - Full Set - Limitiert - Uhren-Fan","description":"UHREN-FAN.EN | Buy &amp; Sell Used Luxury Watches | M\u00fchle Glash\u00fctte | Edition Black Teutonia II Large Date | Ref. M1-30-83 - Full Set - Limited","robots":{"index":"noindex","follow":"follow","max-snippet":"max-snippet:-1","max-image-preview":"max-image-preview:large","max-video-preview":"max-video-preview:-1"},"og_locale":"en_US","og_type":"article","og_title":"M\u00fchle Glash\u00fctte | Edition Schwarze Teutonia II Gro\u00dfdatum | Ref. M1-30-83 - Full Set - Limitiert - Uhren-Fan","og_description":"UHREN-FAN.DE | Luxusuhren gebraucht kaufen & verkaufen | M\u00fchle Glash\u00fctte | Edition Schwarze Teutonia II Gro\u00dfdatum | Ref. M1-30-83 - Full Set - Limitiert","og_url":"https:\/\/test.uhren-fan.de\/en\/product\/muehle-glashuette-edition-black-teutonia-ii-big-date-ref-m1-30-83-full-set-limited\/","og_site_name":"Uhren-Fan","article_publisher":"https:\/\/www.facebook.com\/UHRENFAN.DE","article_modified_time":"2026-01-07T14:56:59+00:00","og_image":[{"width":1200,"height":1200,"url":"https:\/\/test.uhren-fan.de\/wp-content\/uploads\/2026\/01\/muehle-edition-schwarze-teutonia-ii-grossdatum-m1-30-83-front-03.2220-1.jpg","type":"image\/jpeg"}],"twitter_card":"summary_large_image","twitter_misc":{"Est. reading time":"1 minute"},"schema":{"@context":"https:\/\/schema.org","@graph":[{"@type":"WebPage","@id":"https:\/\/test.uhren-fan.de\/en\/product\/muehle-glashuette-edition-black-teutonia-ii-big-date-ref-m1-30-83-full-set-limited\/","url":"https:\/\/test.uhren-fan.de\/en\/product\/muehle-glashuette-edition-black-teutonia-ii-big-date-ref-m1-30-83-full-set-limited\/","name":"M\u00fchle Glash\u00fctte | Edition Schwarze Teutonia II Gro\u00dfdatum | Ref. M1-30-83 - Full Set - Limitiert - Uhren-Fan","isPartOf":{"@id":"https:\/\/test.uhren-fan.de\/#website"},"primaryImageOfPage":{"@id":"https:\/\/test.uhren-fan.de\/en\/product\/muehle-glashuette-edition-black-teutonia-ii-big-date-ref-m1-30-83-full-set-limited\/#primaryimage"},"image":{"@id":"https:\/\/test.uhren-fan.de\/en\/product\/muehle-glashuette-edition-black-teutonia-ii-big-date-ref-m1-30-83-full-set-limited\/#primaryimage"},"thumbnailUrl":"http:\/\/test.uhren-fan.de\/wp-content\/uploads\/2026\/01\/muehle-edition-schwarze-teutonia-ii-grossdatum-m1-30-83-front-03.2220-1.jpg","datePublished":"2025-11-22T12:11:31+00:00","dateModified":"2026-01-07T14:56:59+00:00","description":"UHREN-FAN.EN | Buy &amp; Sell Used Luxury Watches | M\u00fchle Glash\u00fctte | Edition Black Teutonia II Large Date | Ref. M1-30-83 - Full Set - Limited","breadcrumb":{"@id":"https:\/\/test.uhren-fan.de\/en\/product\/muehle-glashuette-edition-black-teutonia-ii-big-date-ref-m1-30-83-full-set-limited\/#breadcrumb"},"inLanguage":"en-US","potentialAction":[{"@type":"ReadAction","target":["https:\/\/test.uhren-fan.de\/en\/product\/muehle-glashuette-edition-black-teutonia-ii-big-date-ref-m1-30-83-full-set-limited\/"]}]},{"@type":"ImageObject","inLanguage":"en-US","@id":"https:\/\/test.uhren-fan.de\/en\/product\/muehle-glashuette-edition-black-teutonia-ii-big-date-ref-m1-30-83-full-set-limited\/#primaryimage","url":"http:\/\/test.uhren-fan.de\/wp-content\/uploads\/2026\/01\/muehle-edition-schwarze-teutonia-ii-grossdatum-m1-30-83-front-03.2220-1.jpg","contentUrl":"http:\/\/test.uhren-fan.de\/wp-content\/uploads\/2026\/01\/muehle-edition-schwarze-teutonia-ii-grossdatum-m1-30-83-front-03.2220-1.jpg","width":1200,"height":1200,"caption":"M\u00dcHLE GLASH\u00dcTTE Edition Schwarze Teutonia II Gro\u00dfdatum Ref. M1-30-83 Front"},{"@type":"BreadcrumbList","@id":"https:\/\/test.uhren-fan.de\/en\/product\/muehle-glashuette-edition-black-teutonia-ii-big-date-ref-m1-30-83-full-set-limited\/#breadcrumb","itemListElement":[{"@type":"ListItem","position":1,"name":"Startseite","item":"https:\/\/test.uhren-fan.de\/"},{"@type":"ListItem","position":2,"name":"UHREN-FAN.DE","item":"https:\/\/test.uhren-fan.de\/shop\/"},{"@type":"ListItem","position":3,"name":"M\u00fchle Glash\u00fctte | Edition Schwarze Teutonia II Gro\u00dfdatum | Ref. M1-30-83 &#8211; Full Set &#8211; Limitiert"}]},{"@type":"WebSite","@id":"https:\/\/test.uhren-fan.de\/#website","url":"https:\/\/test.uhren-fan.de\/","name":"UHREN-FAN.DE","description":"Luxury watches at a fair price","publisher":{"@id":"https:\/\/test.uhren-fan.de\/#organization"},"alternateName":"UHREN-FAN.DE","potentialAction":[{"@type":"SearchAction","target":{"@type":"EntryPoint","urlTemplate":"https:\/\/test.uhren-fan.de\/?s={search_term_string}"},"query-input":{"@type":"PropertyValueSpecification","valueRequired":true,"valueName":"search_term_string"}}],"inLanguage":"en-US"},{"@type":"Organization","@id":"https:\/\/test.uhren-fan.de\/#organization","name":"UHREN-FAN.DE","alternateName":"UHREN-FAN.DE","url":"https:\/\/test.uhren-fan.de\/","logo":{"@type":"ImageObject","inLanguage":"en-US","@id":"https:\/\/test.uhren-fan.de\/#\/schema\/logo\/image\/","url":"https:\/\/test.uhren-fan.de\/wp-content\/uploads\/2024\/10\/Logo_horiz_blk@2x.png","contentUrl":"https:\/\/test.uhren-fan.de\/wp-content\/uploads\/2024\/10\/Logo_horiz_blk@2x.png","width":345,"height":64,"caption":"UHREN-FAN.DE"},"image":{"@id":"https:\/\/test.uhren-fan.de\/#\/schema\/logo\/image\/"},"sameAs":["https:\/\/www.facebook.com\/UHRENFAN.DE"]}]}},"_links":{"self":[{"href":"http:\/\/test.uhren-fan.de\/en\/wp-json\/wp\/v2\/product\/27930","targetHints":{"allow":["GET"]}}],"collection":[{"href":"http:\/\/test.uhren-fan.de\/en\/wp-json\/wp\/v2\/product"}],"about":[{"href":"http:\/\/test.uhren-fan.de\/en\/wp-json\/wp\/v2\/types\/product"}],"wp:featuredmedia":[{"embeddable":true,"href":"http:\/\/test.uhren-fan.de\/en\/wp-json\/wp\/v2\/media\/26344"}],"wp:attachment":[{"href":"http:\/\/test.uhren-fan.de\/en\/wp-json\/wp\/v2\/media?parent=27930"}],"wp:term":[{"taxonomy":"product_brand","embeddable":true,"href":"http:\/\/test.uhren-fan.de\/en\/wp-json\/wp\/v2\/product_brand?post=27930"},{"taxonomy":"product_cat","embeddable":true,"href":"http:\/\/test.uhren-fan.de\/en\/wp-json\/wp\/v2\/product_cat?post=27930"},{"taxonomy":"product_tag","embeddable":true,"href":"http:\/\/test.uhren-fan.de\/en\/wp-json\/wp\/v2\/product_tag?post=27930"}],"curies":[{"name":"wp","href":"https:\/\/api.w.org\/{rel}","templated":true}]}}