{"id":28113,"date":"2025-12-14T17:28:00","date_gmt":"2025-12-14T16:28:00","guid":{"rendered":"https:\/\/test.uhren-fan.de\/?post_type=product&#038;p=28113"},"modified":"2026-01-07T15:56:59","modified_gmt":"2026-01-07T14:56:59","slug":"iwc-portugieser-chronograph-automatik-edelstahl-weisses-zifferblatt-ref-iw371417","status":"publish","type":"product","link":"http:\/\/test.uhren-fan.de\/en\/product\/iwc-portugieser-chronograph-automatik-edelstahl-weisses-zifferblatt-ref-iw371417\/","title":{"rendered":"IWC | Portugieser Chronograph Automatik Edelstahl wei\u00dfes Zifferblatt | Ref. IW371417"},"content":{"rendered":"<p>All photos show exactly the article we offer - no stock images!<br \/>\nThis item is taxed in accordance with \u00a7 25 A UStG - VAT cannot be shown.<\/p>\n<p>Geh\u00e4use: Edelstahl, poliert\/satiniert, \u00d8 40,9 mm, H\u00f6he 12,3 mm, Saphirglas vorne, 3 ATM wasserdicht.<\/p>\n<p>Werk: IWC Kaliber 79350 (Automatik, 44 Std. Gangreserve, 28.800 A\/h), Chronograph mit zentraler Sekunde und 30-Min.-Z\u00e4hler.<\/p>\n<p>Zifferblatt: Silberwei\u00df mit blauen Akzenten, Totalisatoren bei 12 und 6 Uhr \u2013 klassische Portugieser-Linie.<\/p>\n<p>Armband: Edles Alligatorleder (schwarz) mit Edelstahl-Dornschlie\u00dfe.<\/p>\n<p>Stellen Sie sich vor, wie dieses Juwel Ihre Outfits kr\u00f6nt \u2013 ob im B\u00fcro oder bei einem Abendessen. Eine tolle Uhr in Top-Zustand, bereit f\u00fcr Ihren n\u00e4chsten Meilenstein. Nur bei uhren-fan.de: Authentizit\u00e4t garantiert, schneller Versand aus Magdeburg. Jetzt zuschlagen und die Portugieser-Magie erleben!<\/p>\n<p><strong>For more information, see Technical Details.<\/strong><\/p>","protected":false},"excerpt":{"rendered":"<p><strong>no box, original papers<\/strong><br \/>\n<strong>Condition:<\/strong>\u00a0worn | barely visible signs of wear<br \/>\n<strong>Date of first sale:<\/strong> 2011<\/p>\n<p>IWC Portugieser Chronograph Automatik Ref. IW371417 \u2013 Ikone der IWC-Uhrmacherkunst<\/p>\n<p>Entdecken Sie die zeitlose Eleganz der IWC Portugieser Chronograph Automatik Ref. IW371417 \u2013 ein Meisterwerk, das Pr\u00e4zision mit purer Emotion vereint. Das makellose wei\u00dfe Zifferblatt mit gebl\u00e4uten Zeigern und arabischen Ziffern f\u00e4ngt das Licht ein und weckt sofort den Puls eines jeden Kenners. In Edelstahl, strahlt diese Automatikuhr mit 40,9 mm Durchmesser pure Klasse aus \u2013 perfekt f\u00fcr den Mann, der Geschichte am Handgelenk tr\u00e4gt.<\/p>","protected":false},"featured_media":26393,"template":"","meta":{"_acf_changed":false},"product_brand":[],"product_cat":[689,695],"product_tag":[],"class_list":{"0":"post-28113","1":"product","2":"type-product","3":"status-publish","4":"has-post-thumbnail","6":"product_cat-herrenuhren","7":"product_cat-damenuhren","9":"first","10":"instock","11":"featured","12":"sold-individually","13":"shipping-taxable","14":"purchasable","15":"product-type-simple"},"acf":[],"yoast_head":"<!-- This site is optimized with the Yoast SEO plugin v26.6 - https:\/\/yoast.com\/wordpress\/plugins\/seo\/ -->\n<title>IWC | Portugieser Chronograph Automatik Edelstahl wei\u00dfes Zifferblatt | Ref. IW371417 - Uhren-Fan<\/title>\n<meta name=\"description\" content=\"UHREN-FAN.DE | Luxusuhren gebraucht kaufen &amp; verkaufen | IWC | Portugieser Chronograph Automatik Edelstahl wei\u00dfes Zifferblatt | Ref. IW371417\" \/>\n<meta name=\"robots\" content=\"noindex, follow, max-snippet:-1, max-image-preview:large, max-video-preview:-1\" \/>\n<meta property=\"og:locale\" content=\"en_US\" \/>\n<meta property=\"og:type\" content=\"article\" \/>\n<meta property=\"og:title\" content=\"IWC | Portugieser Chronograph Automatik Edelstahl wei\u00dfes Zifferblatt | Ref. IW371417 - Uhren-Fan\" \/>\n<meta property=\"og:description\" content=\"UHREN-FAN.DE | Luxusuhren gebraucht kaufen &amp; verkaufen | IWC | Portugieser Chronograph Automatik Edelstahl wei\u00dfes Zifferblatt | Ref. IW371417\" \/>\n<meta property=\"og:url\" content=\"http:\/\/test.uhren-fan.de\/en\/product\/iwc-portugieser-chronograph-automatik-edelstahl-weisses-zifferblatt-ref-iw371417\/\" \/>\n<meta property=\"og:site_name\" content=\"Uhren-Fan\" \/>\n<meta property=\"article:publisher\" content=\"https:\/\/www.facebook.com\/UHRENFAN.DE\" \/>\n<meta property=\"article:modified_time\" content=\"2026-01-07T14:56:59+00:00\" \/>\n<meta property=\"og:image\" content=\"http:\/\/test.uhren-fan.de\/wp-content\/uploads\/2026\/01\/iwc-portugieser-chronograph-automatik-stahl-iw371417-weisses-zifferblatt-03-2229-1.jpg\" \/>\n\t<meta property=\"og:image:width\" content=\"1200\" \/>\n\t<meta property=\"og:image:height\" content=\"1200\" \/>\n\t<meta property=\"og:image:type\" content=\"image\/jpeg\" \/>\n<meta name=\"twitter:card\" content=\"summary_large_image\" \/>\n<meta name=\"twitter:label1\" content=\"Est. reading time\" \/>\n\t<meta name=\"twitter:data1\" content=\"1 minute\" \/>\n<script type=\"application\/ld+json\" class=\"yoast-schema-graph\">{\"@context\":\"https:\/\/schema.org\",\"@graph\":[{\"@type\":\"WebPage\",\"@id\":\"http:\/\/test.uhren-fan.de\/en\/product\/iwc-portugieser-chronograph-automatik-edelstahl-weisses-zifferblatt-ref-iw371417\/\",\"url\":\"http:\/\/test.uhren-fan.de\/en\/product\/iwc-portugieser-chronograph-automatik-edelstahl-weisses-zifferblatt-ref-iw371417\/\",\"name\":\"IWC | Portugieser Chronograph Automatik Edelstahl wei\u00dfes Zifferblatt | Ref. IW371417 - Uhren-Fan\",\"isPartOf\":{\"@id\":\"http:\/\/test.uhren-fan.de\/#website\"},\"primaryImageOfPage\":{\"@id\":\"http:\/\/test.uhren-fan.de\/en\/product\/iwc-portugieser-chronograph-automatik-edelstahl-weisses-zifferblatt-ref-iw371417\/#primaryimage\"},\"image\":{\"@id\":\"http:\/\/test.uhren-fan.de\/en\/product\/iwc-portugieser-chronograph-automatik-edelstahl-weisses-zifferblatt-ref-iw371417\/#primaryimage\"},\"thumbnailUrl\":\"http:\/\/test.uhren-fan.de\/wp-content\/uploads\/2026\/01\/iwc-portugieser-chronograph-automatik-stahl-iw371417-weisses-zifferblatt-03-2229-1.jpg\",\"datePublished\":\"2025-12-14T16:28:00+00:00\",\"dateModified\":\"2026-01-07T14:56:59+00:00\",\"description\":\"UHREN-FAN.DE | Luxusuhren gebraucht kaufen & verkaufen | IWC | Portugieser Chronograph Automatik Edelstahl wei\u00dfes Zifferblatt | Ref. IW371417\",\"breadcrumb\":{\"@id\":\"http:\/\/test.uhren-fan.de\/en\/product\/iwc-portugieser-chronograph-automatik-edelstahl-weisses-zifferblatt-ref-iw371417\/#breadcrumb\"},\"inLanguage\":\"en-US\",\"potentialAction\":[{\"@type\":\"ReadAction\",\"target\":[\"http:\/\/test.uhren-fan.de\/en\/product\/iwc-portugieser-chronograph-automatik-edelstahl-weisses-zifferblatt-ref-iw371417\/\"]}]},{\"@type\":\"ImageObject\",\"inLanguage\":\"en-US\",\"@id\":\"http:\/\/test.uhren-fan.de\/en\/product\/iwc-portugieser-chronograph-automatik-edelstahl-weisses-zifferblatt-ref-iw371417\/#primaryimage\",\"url\":\"http:\/\/test.uhren-fan.de\/wp-content\/uploads\/2026\/01\/iwc-portugieser-chronograph-automatik-stahl-iw371417-weisses-zifferblatt-03-2229-1.jpg\",\"contentUrl\":\"http:\/\/test.uhren-fan.de\/wp-content\/uploads\/2026\/01\/iwc-portugieser-chronograph-automatik-stahl-iw371417-weisses-zifferblatt-03-2229-1.jpg\",\"width\":1200,\"height\":1200,\"caption\":\"IWC Portugieser Chronograph Automatik Edelstahl mit wei\u00dfem Zifferblatt Referenz IW371417\"},{\"@type\":\"BreadcrumbList\",\"@id\":\"http:\/\/test.uhren-fan.de\/en\/product\/iwc-portugieser-chronograph-automatik-edelstahl-weisses-zifferblatt-ref-iw371417\/#breadcrumb\",\"itemListElement\":[{\"@type\":\"ListItem\",\"position\":1,\"name\":\"Startseite\",\"item\":\"http:\/\/test.uhren-fan.de\/\"},{\"@type\":\"ListItem\",\"position\":2,\"name\":\"UHREN-FAN.DE\",\"item\":\"http:\/\/test.uhren-fan.de\/shop\/\"},{\"@type\":\"ListItem\",\"position\":3,\"name\":\"IWC | Portugieser Chronograph Automatik Edelstahl wei\u00dfes Zifferblatt | Ref. IW371417\"}]},{\"@type\":\"WebSite\",\"@id\":\"http:\/\/test.uhren-fan.de\/#website\",\"url\":\"http:\/\/test.uhren-fan.de\/\",\"name\":\"UHREN-FAN.DE\",\"description\":\"Luxusuhren zum fairen Preis\",\"publisher\":{\"@id\":\"http:\/\/test.uhren-fan.de\/#organization\"},\"alternateName\":\"UHREN-FAN.DE\",\"potentialAction\":[{\"@type\":\"SearchAction\",\"target\":{\"@type\":\"EntryPoint\",\"urlTemplate\":\"http:\/\/test.uhren-fan.de\/?s={search_term_string}\"},\"query-input\":{\"@type\":\"PropertyValueSpecification\",\"valueRequired\":true,\"valueName\":\"search_term_string\"}}],\"inLanguage\":\"en-US\"},{\"@type\":\"Organization\",\"@id\":\"http:\/\/test.uhren-fan.de\/#organization\",\"name\":\"UHREN-FAN.DE\",\"alternateName\":\"UHREN-FAN.DE\",\"url\":\"http:\/\/test.uhren-fan.de\/\",\"logo\":{\"@type\":\"ImageObject\",\"inLanguage\":\"en-US\",\"@id\":\"http:\/\/test.uhren-fan.de\/#\/schema\/logo\/image\/\",\"url\":\"https:\/\/test.uhren-fan.de\/wp-content\/uploads\/2024\/10\/Logo_horiz_blk@2x.png\",\"contentUrl\":\"https:\/\/test.uhren-fan.de\/wp-content\/uploads\/2024\/10\/Logo_horiz_blk@2x.png\",\"width\":345,\"height\":64,\"caption\":\"UHREN-FAN.DE\"},\"image\":{\"@id\":\"http:\/\/test.uhren-fan.de\/#\/schema\/logo\/image\/\"},\"sameAs\":[\"https:\/\/www.facebook.com\/UHRENFAN.DE\"]}]}<\/script>\n<!-- \/ Yoast SEO plugin. -->","yoast_head_json":{"title":"IWC | Portugieser Chronograph Automatik Edelstahl wei\u00dfes Zifferblatt | Ref. IW371417 - Uhren-Fan","description":"UHREN-FAN.DE | Luxusuhren gebraucht kaufen & verkaufen | IWC | Portugieser Chronograph Automatik Edelstahl wei\u00dfes Zifferblatt | Ref. IW371417","robots":{"index":"noindex","follow":"follow","max-snippet":"max-snippet:-1","max-image-preview":"max-image-preview:large","max-video-preview":"max-video-preview:-1"},"og_locale":"en_US","og_type":"article","og_title":"IWC | Portugieser Chronograph Automatik Edelstahl wei\u00dfes Zifferblatt | Ref. IW371417 - Uhren-Fan","og_description":"UHREN-FAN.DE | Luxusuhren gebraucht kaufen & verkaufen | IWC | Portugieser Chronograph Automatik Edelstahl wei\u00dfes Zifferblatt | Ref. IW371417","og_url":"http:\/\/test.uhren-fan.de\/en\/product\/iwc-portugieser-chronograph-automatik-edelstahl-weisses-zifferblatt-ref-iw371417\/","og_site_name":"Uhren-Fan","article_publisher":"https:\/\/www.facebook.com\/UHRENFAN.DE","article_modified_time":"2026-01-07T14:56:59+00:00","og_image":[{"width":1200,"height":1200,"url":"http:\/\/test.uhren-fan.de\/wp-content\/uploads\/2026\/01\/iwc-portugieser-chronograph-automatik-stahl-iw371417-weisses-zifferblatt-03-2229-1.jpg","type":"image\/jpeg"}],"twitter_card":"summary_large_image","twitter_misc":{"Est. reading time":"1 minute"},"schema":{"@context":"https:\/\/schema.org","@graph":[{"@type":"WebPage","@id":"http:\/\/test.uhren-fan.de\/en\/product\/iwc-portugieser-chronograph-automatik-edelstahl-weisses-zifferblatt-ref-iw371417\/","url":"http:\/\/test.uhren-fan.de\/en\/product\/iwc-portugieser-chronograph-automatik-edelstahl-weisses-zifferblatt-ref-iw371417\/","name":"IWC | Portugieser Chronograph Automatik Edelstahl wei\u00dfes Zifferblatt | Ref. IW371417 - Uhren-Fan","isPartOf":{"@id":"http:\/\/test.uhren-fan.de\/#website"},"primaryImageOfPage":{"@id":"http:\/\/test.uhren-fan.de\/en\/product\/iwc-portugieser-chronograph-automatik-edelstahl-weisses-zifferblatt-ref-iw371417\/#primaryimage"},"image":{"@id":"http:\/\/test.uhren-fan.de\/en\/product\/iwc-portugieser-chronograph-automatik-edelstahl-weisses-zifferblatt-ref-iw371417\/#primaryimage"},"thumbnailUrl":"http:\/\/test.uhren-fan.de\/wp-content\/uploads\/2026\/01\/iwc-portugieser-chronograph-automatik-stahl-iw371417-weisses-zifferblatt-03-2229-1.jpg","datePublished":"2025-12-14T16:28:00+00:00","dateModified":"2026-01-07T14:56:59+00:00","description":"UHREN-FAN.DE | Luxusuhren gebraucht kaufen & verkaufen | IWC | Portugieser Chronograph Automatik Edelstahl wei\u00dfes Zifferblatt | Ref. IW371417","breadcrumb":{"@id":"http:\/\/test.uhren-fan.de\/en\/product\/iwc-portugieser-chronograph-automatik-edelstahl-weisses-zifferblatt-ref-iw371417\/#breadcrumb"},"inLanguage":"en-US","potentialAction":[{"@type":"ReadAction","target":["http:\/\/test.uhren-fan.de\/en\/product\/iwc-portugieser-chronograph-automatik-edelstahl-weisses-zifferblatt-ref-iw371417\/"]}]},{"@type":"ImageObject","inLanguage":"en-US","@id":"http:\/\/test.uhren-fan.de\/en\/product\/iwc-portugieser-chronograph-automatik-edelstahl-weisses-zifferblatt-ref-iw371417\/#primaryimage","url":"http:\/\/test.uhren-fan.de\/wp-content\/uploads\/2026\/01\/iwc-portugieser-chronograph-automatik-stahl-iw371417-weisses-zifferblatt-03-2229-1.jpg","contentUrl":"http:\/\/test.uhren-fan.de\/wp-content\/uploads\/2026\/01\/iwc-portugieser-chronograph-automatik-stahl-iw371417-weisses-zifferblatt-03-2229-1.jpg","width":1200,"height":1200,"caption":"IWC Portugieser Chronograph Automatik Edelstahl mit wei\u00dfem Zifferblatt Referenz IW371417"},{"@type":"BreadcrumbList","@id":"http:\/\/test.uhren-fan.de\/en\/product\/iwc-portugieser-chronograph-automatik-edelstahl-weisses-zifferblatt-ref-iw371417\/#breadcrumb","itemListElement":[{"@type":"ListItem","position":1,"name":"Startseite","item":"http:\/\/test.uhren-fan.de\/"},{"@type":"ListItem","position":2,"name":"UHREN-FAN.DE","item":"http:\/\/test.uhren-fan.de\/shop\/"},{"@type":"ListItem","position":3,"name":"IWC | Portugieser Chronograph Automatik Edelstahl wei\u00dfes Zifferblatt | Ref. IW371417"}]},{"@type":"WebSite","@id":"http:\/\/test.uhren-fan.de\/#website","url":"http:\/\/test.uhren-fan.de\/","name":"UHREN-FAN.DE","description":"Luxury watches at a fair price","publisher":{"@id":"http:\/\/test.uhren-fan.de\/#organization"},"alternateName":"UHREN-FAN.DE","potentialAction":[{"@type":"SearchAction","target":{"@type":"EntryPoint","urlTemplate":"http:\/\/test.uhren-fan.de\/?s={search_term_string}"},"query-input":{"@type":"PropertyValueSpecification","valueRequired":true,"valueName":"search_term_string"}}],"inLanguage":"en-US"},{"@type":"Organization","@id":"http:\/\/test.uhren-fan.de\/#organization","name":"UHREN-FAN.DE","alternateName":"UHREN-FAN.DE","url":"http:\/\/test.uhren-fan.de\/","logo":{"@type":"ImageObject","inLanguage":"en-US","@id":"http:\/\/test.uhren-fan.de\/#\/schema\/logo\/image\/","url":"https:\/\/test.uhren-fan.de\/wp-content\/uploads\/2024\/10\/Logo_horiz_blk@2x.png","contentUrl":"https:\/\/test.uhren-fan.de\/wp-content\/uploads\/2024\/10\/Logo_horiz_blk@2x.png","width":345,"height":64,"caption":"UHREN-FAN.DE"},"image":{"@id":"http:\/\/test.uhren-fan.de\/#\/schema\/logo\/image\/"},"sameAs":["https:\/\/www.facebook.com\/UHRENFAN.DE"]}]}},"_links":{"self":[{"href":"http:\/\/test.uhren-fan.de\/en\/wp-json\/wp\/v2\/product\/28113","targetHints":{"allow":["GET"]}}],"collection":[{"href":"http:\/\/test.uhren-fan.de\/en\/wp-json\/wp\/v2\/product"}],"about":[{"href":"http:\/\/test.uhren-fan.de\/en\/wp-json\/wp\/v2\/types\/product"}],"wp:featuredmedia":[{"embeddable":true,"href":"http:\/\/test.uhren-fan.de\/en\/wp-json\/wp\/v2\/media\/26393"}],"wp:attachment":[{"href":"http:\/\/test.uhren-fan.de\/en\/wp-json\/wp\/v2\/media?parent=28113"}],"wp:term":[{"taxonomy":"product_brand","embeddable":true,"href":"http:\/\/test.uhren-fan.de\/en\/wp-json\/wp\/v2\/product_brand?post=28113"},{"taxonomy":"product_cat","embeddable":true,"href":"http:\/\/test.uhren-fan.de\/en\/wp-json\/wp\/v2\/product_cat?post=28113"},{"taxonomy":"product_tag","embeddable":true,"href":"http:\/\/test.uhren-fan.de\/en\/wp-json\/wp\/v2\/product_tag?post=28113"}],"curies":[{"name":"wp","href":"https:\/\/api.w.org\/{rel}","templated":true}]}}