{"id":28116,"date":"2025-12-19T06:27:16","date_gmt":"2025-12-19T05:27:16","guid":{"rendered":"https:\/\/test.uhren-fan.de\/?post_type=product&#038;p=28116"},"modified":"2026-01-07T15:56:59","modified_gmt":"2026-01-07T14:56:59","slug":"iwc-fliegeruhr-doppelchronograph-edition-dfb-2008-mit-weissem-panda-zifferblatt-ref-iw371803-limitiert-auf-500-stueck","status":"publish","type":"product","link":"http:\/\/test.uhren-fan.de\/en\/product\/iwc-fliegeruhr-doppelchronograph-edition-dfb-2008-mit-weissem-panda-zifferblatt-ref-iw371803-limitiert-auf-500-stueck\/","title":{"rendered":"IWC | Fliegeruhr Doppelchronograph Edition &#8222;DFB 2008&#8220; Panda-Zifferblatt | Ref. IW371803 &#8211; Limitiert auf 500 St\u00fcck"},"content":{"rendered":"<p>All photos show exactly the article we offer - no stock images!<br \/>\nThis item is taxed in accordance with \u00a7 25 A UStG - VAT cannot be shown.<\/p>\n<p>Das ikonische 44-mm-Pilotengeh\u00e4use mit sattem Wei\u00df &#8211; &#8222;Panda&#8220;-Zifferblatt, schwarzen Totalisatoren und leuchtkr\u00e4ftigen Indizes f\u00e4ngt jedes Licht ein wie der Jubel eines vollen Stadions \u2013 angetrieben vom pr\u00e4zisen Kaliber 79230 mit 30 Steinen, 44 Stunden Gangreserve und Rattrapante-Funktion f\u00fcr Zwischenzeiten.\u200b\u200b<\/p>\n<p>Robust, bis 60 m wasserdicht, mit Saphirglas und DFB-Emblemen, die Geschichte atmen: Diese Rarit\u00e4t ist Leidenschaft, Pr\u00e4zision und Nationalstolz auf dem Handgelenk. Perfekt f\u00fcr Sammler und Fans!\u200b<\/p>\n<p>Schneller Versand aus Magdeburg, seri\u00f6ser H\u00e4ndler uhren-fan.de \u2013 greifen Sie zu, bevor der Abpfiff kommt.<\/p>\n<p><strong>For more information, see Technical Details.<\/strong><\/p>","protected":false},"excerpt":{"rendered":"<p><strong>original Box, keine Papiere (Limitiert auf 500 St\u00fcck)<\/strong><br \/>\n<strong>Condition:<\/strong>\u00a0worn | barely visible signs of wear<br \/>\n<strong>Date of first sale:<\/strong> ca. 2010<\/p>\n<p>IWC Fliegeruhr Doppelchronograph DFB | Offizielle Uhr der deutschen Nationalmannschaft | Limitiert auf 500 St\u00fcck | Ref. IW371803<\/p>\n<p>Sp\u00fcren Sie den Puls der Sieger? Die IWC Pilot\u2019s Watch Double Chronograph Edition DFB Ref. IW371803 \u2013 exklusiv limitiert auf nur 500 Exemplare \u2013 war die offizielle Uhr der deutschen Fu\u00dfball-Nationalmannschaft und verk\u00f6rpert unzerbrechlichen Siegeswillen in Edelstahl.\u200b<\/p>","protected":false},"featured_media":26411,"template":"","meta":{"_acf_changed":false},"product_brand":[],"product_cat":[689],"product_tag":[],"class_list":{"0":"post-28116","1":"product","2":"type-product","3":"status-publish","4":"has-post-thumbnail","6":"product_cat-herrenuhren","8":"first","9":"instock","10":"featured","11":"sold-individually","12":"shipping-taxable","13":"purchasable","14":"product-type-simple"},"acf":[],"yoast_head":"<!-- This site is optimized with the Yoast SEO plugin v26.6 - https:\/\/yoast.com\/wordpress\/plugins\/seo\/ -->\n<title>IWC | Fliegeruhr Doppelchronograph Edition &quot;DFB 2008&quot; Panda-Zifferblatt | Ref. IW371803 - Limitiert auf 500 St\u00fcck - Uhren-Fan<\/title>\n<meta name=\"description\" content=\"UHREN-FAN.DE | Luxusuhren gebraucht kaufen &amp; verkaufen | IWC | Fliegeruhr Doppelchronograph Edition &quot;DFB 2008&quot; Panda-Zifferblatt | Ref. IW371803 - Limitiert auf 500 St\u00fcck\" \/>\n<meta name=\"robots\" content=\"noindex, follow, max-snippet:-1, max-image-preview:large, max-video-preview:-1\" \/>\n<meta property=\"og:locale\" content=\"en_US\" \/>\n<meta property=\"og:type\" content=\"article\" \/>\n<meta property=\"og:title\" content=\"IWC | Fliegeruhr Doppelchronograph Edition &quot;DFB 2008&quot; Panda-Zifferblatt | Ref. IW371803 - Limitiert auf 500 St\u00fcck - Uhren-Fan\" \/>\n<meta property=\"og:description\" content=\"UHREN-FAN.DE | Luxusuhren gebraucht kaufen &amp; verkaufen | IWC | Fliegeruhr Doppelchronograph Edition &quot;DFB 2008&quot; Panda-Zifferblatt | Ref. IW371803 - Limitiert auf 500 St\u00fcck\" \/>\n<meta property=\"og:url\" content=\"http:\/\/test.uhren-fan.de\/en\/product\/iwc-fliegeruhr-doppelchronograph-edition-dfb-2008-mit-weissem-panda-zifferblatt-ref-iw371803-limitiert-auf-500-stueck\/\" \/>\n<meta property=\"og:site_name\" content=\"Uhren-Fan\" \/>\n<meta property=\"article:publisher\" content=\"https:\/\/www.facebook.com\/UHRENFAN.DE\" \/>\n<meta property=\"article:modified_time\" content=\"2026-01-07T14:56:59+00:00\" \/>\n<meta property=\"og:image\" content=\"http:\/\/test.uhren-fan.de\/wp-content\/uploads\/2026\/01\/iwc-fliegeruhr-doppelchronograph-edition-dfb-2008-ref-iw371803-weisses-panda-zifferblatt-03-2232-1.jpg\" \/>\n\t<meta property=\"og:image:width\" content=\"1200\" \/>\n\t<meta property=\"og:image:height\" content=\"1200\" \/>\n\t<meta property=\"og:image:type\" content=\"image\/jpeg\" \/>\n<meta name=\"twitter:card\" content=\"summary_large_image\" \/>\n<meta name=\"twitter:label1\" content=\"Est. reading time\" \/>\n\t<meta name=\"twitter:data1\" content=\"1 minute\" \/>\n<script type=\"application\/ld+json\" class=\"yoast-schema-graph\">{\"@context\":\"https:\/\/schema.org\",\"@graph\":[{\"@type\":\"WebPage\",\"@id\":\"http:\/\/test.uhren-fan.de\/en\/product\/iwc-fliegeruhr-doppelchronograph-edition-dfb-2008-mit-weissem-panda-zifferblatt-ref-iw371803-limitiert-auf-500-stueck\/\",\"url\":\"http:\/\/test.uhren-fan.de\/en\/product\/iwc-fliegeruhr-doppelchronograph-edition-dfb-2008-mit-weissem-panda-zifferblatt-ref-iw371803-limitiert-auf-500-stueck\/\",\"name\":\"IWC | Fliegeruhr Doppelchronograph Edition \\\"DFB 2008\\\" Panda-Zifferblatt | Ref. IW371803 - Limitiert auf 500 St\u00fcck - Uhren-Fan\",\"isPartOf\":{\"@id\":\"https:\/\/test.uhren-fan.de\/#website\"},\"primaryImageOfPage\":{\"@id\":\"http:\/\/test.uhren-fan.de\/en\/product\/iwc-fliegeruhr-doppelchronograph-edition-dfb-2008-mit-weissem-panda-zifferblatt-ref-iw371803-limitiert-auf-500-stueck\/#primaryimage\"},\"image\":{\"@id\":\"http:\/\/test.uhren-fan.de\/en\/product\/iwc-fliegeruhr-doppelchronograph-edition-dfb-2008-mit-weissem-panda-zifferblatt-ref-iw371803-limitiert-auf-500-stueck\/#primaryimage\"},\"thumbnailUrl\":\"http:\/\/test.uhren-fan.de\/wp-content\/uploads\/2026\/01\/iwc-fliegeruhr-doppelchronograph-edition-dfb-2008-ref-iw371803-weisses-panda-zifferblatt-03-2232-1.jpg\",\"datePublished\":\"2025-12-19T05:27:16+00:00\",\"dateModified\":\"2026-01-07T14:56:59+00:00\",\"description\":\"UHREN-FAN.DE | Luxusuhren gebraucht kaufen & verkaufen | IWC | Fliegeruhr Doppelchronograph Edition \\\"DFB 2008\\\" Panda-Zifferblatt | Ref. IW371803 - Limitiert auf 500 St\u00fcck\",\"breadcrumb\":{\"@id\":\"http:\/\/test.uhren-fan.de\/en\/product\/iwc-fliegeruhr-doppelchronograph-edition-dfb-2008-mit-weissem-panda-zifferblatt-ref-iw371803-limitiert-auf-500-stueck\/#breadcrumb\"},\"inLanguage\":\"en-US\",\"potentialAction\":[{\"@type\":\"ReadAction\",\"target\":[\"http:\/\/test.uhren-fan.de\/en\/product\/iwc-fliegeruhr-doppelchronograph-edition-dfb-2008-mit-weissem-panda-zifferblatt-ref-iw371803-limitiert-auf-500-stueck\/\"]}]},{\"@type\":\"ImageObject\",\"inLanguage\":\"en-US\",\"@id\":\"http:\/\/test.uhren-fan.de\/en\/product\/iwc-fliegeruhr-doppelchronograph-edition-dfb-2008-mit-weissem-panda-zifferblatt-ref-iw371803-limitiert-auf-500-stueck\/#primaryimage\",\"url\":\"http:\/\/test.uhren-fan.de\/wp-content\/uploads\/2026\/01\/iwc-fliegeruhr-doppelchronograph-edition-dfb-2008-ref-iw371803-weisses-panda-zifferblatt-03-2232-1.jpg\",\"contentUrl\":\"http:\/\/test.uhren-fan.de\/wp-content\/uploads\/2026\/01\/iwc-fliegeruhr-doppelchronograph-edition-dfb-2008-ref-iw371803-weisses-panda-zifferblatt-03-2232-1.jpg\",\"width\":1200,\"height\":1200,\"caption\":\"IWC Fliegeruhr Doppelchronograph Edition \\\"DFB 2008\\\" mit wei\u00dfem Panda-Zifferblatt Referenz IW371803\"},{\"@type\":\"BreadcrumbList\",\"@id\":\"http:\/\/test.uhren-fan.de\/en\/product\/iwc-fliegeruhr-doppelchronograph-edition-dfb-2008-mit-weissem-panda-zifferblatt-ref-iw371803-limitiert-auf-500-stueck\/#breadcrumb\",\"itemListElement\":[{\"@type\":\"ListItem\",\"position\":1,\"name\":\"Startseite\",\"item\":\"https:\/\/test.uhren-fan.de\/\"},{\"@type\":\"ListItem\",\"position\":2,\"name\":\"UHREN-FAN.DE\",\"item\":\"https:\/\/test.uhren-fan.de\/shop\/\"},{\"@type\":\"ListItem\",\"position\":3,\"name\":\"IWC | Fliegeruhr Doppelchronograph Edition &#8222;DFB 2008&#8220; Panda-Zifferblatt | Ref. IW371803 &#8211; Limitiert auf 500 St\u00fcck\"}]},{\"@type\":\"WebSite\",\"@id\":\"https:\/\/test.uhren-fan.de\/#website\",\"url\":\"https:\/\/test.uhren-fan.de\/\",\"name\":\"UHREN-FAN.DE\",\"description\":\"Luxusuhren zum fairen Preis\",\"publisher\":{\"@id\":\"https:\/\/test.uhren-fan.de\/#organization\"},\"alternateName\":\"UHREN-FAN.DE\",\"potentialAction\":[{\"@type\":\"SearchAction\",\"target\":{\"@type\":\"EntryPoint\",\"urlTemplate\":\"https:\/\/test.uhren-fan.de\/?s={search_term_string}\"},\"query-input\":{\"@type\":\"PropertyValueSpecification\",\"valueRequired\":true,\"valueName\":\"search_term_string\"}}],\"inLanguage\":\"en-US\"},{\"@type\":\"Organization\",\"@id\":\"https:\/\/test.uhren-fan.de\/#organization\",\"name\":\"UHREN-FAN.DE\",\"alternateName\":\"UHREN-FAN.DE\",\"url\":\"https:\/\/test.uhren-fan.de\/\",\"logo\":{\"@type\":\"ImageObject\",\"inLanguage\":\"en-US\",\"@id\":\"https:\/\/test.uhren-fan.de\/#\/schema\/logo\/image\/\",\"url\":\"https:\/\/test.uhren-fan.de\/wp-content\/uploads\/2024\/10\/Logo_horiz_blk@2x.png\",\"contentUrl\":\"https:\/\/test.uhren-fan.de\/wp-content\/uploads\/2024\/10\/Logo_horiz_blk@2x.png\",\"width\":345,\"height\":64,\"caption\":\"UHREN-FAN.DE\"},\"image\":{\"@id\":\"https:\/\/test.uhren-fan.de\/#\/schema\/logo\/image\/\"},\"sameAs\":[\"https:\/\/www.facebook.com\/UHRENFAN.DE\"]}]}<\/script>\n<!-- \/ Yoast SEO plugin. -->","yoast_head_json":{"title":"IWC | Fliegeruhr Doppelchronograph Edition \"DFB 2008\" Panda-Zifferblatt | Ref. IW371803 - Limitiert auf 500 St\u00fcck - Uhren-Fan","description":"UHREN-FAN.DE | Luxusuhren gebraucht kaufen & verkaufen | IWC | Fliegeruhr Doppelchronograph Edition \"DFB 2008\" Panda-Zifferblatt | Ref. IW371803 - Limitiert auf 500 St\u00fcck","robots":{"index":"noindex","follow":"follow","max-snippet":"max-snippet:-1","max-image-preview":"max-image-preview:large","max-video-preview":"max-video-preview:-1"},"og_locale":"en_US","og_type":"article","og_title":"IWC | Fliegeruhr Doppelchronograph Edition \"DFB 2008\" Panda-Zifferblatt | Ref. IW371803 - Limitiert auf 500 St\u00fcck - Uhren-Fan","og_description":"UHREN-FAN.DE | Luxusuhren gebraucht kaufen & verkaufen | IWC | Fliegeruhr Doppelchronograph Edition \"DFB 2008\" Panda-Zifferblatt | Ref. IW371803 - Limitiert auf 500 St\u00fcck","og_url":"http:\/\/test.uhren-fan.de\/en\/product\/iwc-fliegeruhr-doppelchronograph-edition-dfb-2008-mit-weissem-panda-zifferblatt-ref-iw371803-limitiert-auf-500-stueck\/","og_site_name":"Uhren-Fan","article_publisher":"https:\/\/www.facebook.com\/UHRENFAN.DE","article_modified_time":"2026-01-07T14:56:59+00:00","og_image":[{"width":1200,"height":1200,"url":"http:\/\/test.uhren-fan.de\/wp-content\/uploads\/2026\/01\/iwc-fliegeruhr-doppelchronograph-edition-dfb-2008-ref-iw371803-weisses-panda-zifferblatt-03-2232-1.jpg","type":"image\/jpeg"}],"twitter_card":"summary_large_image","twitter_misc":{"Est. reading time":"1 minute"},"schema":{"@context":"https:\/\/schema.org","@graph":[{"@type":"WebPage","@id":"http:\/\/test.uhren-fan.de\/en\/product\/iwc-fliegeruhr-doppelchronograph-edition-dfb-2008-mit-weissem-panda-zifferblatt-ref-iw371803-limitiert-auf-500-stueck\/","url":"http:\/\/test.uhren-fan.de\/en\/product\/iwc-fliegeruhr-doppelchronograph-edition-dfb-2008-mit-weissem-panda-zifferblatt-ref-iw371803-limitiert-auf-500-stueck\/","name":"IWC | Fliegeruhr Doppelchronograph Edition \"DFB 2008\" Panda-Zifferblatt | Ref. IW371803 - Limitiert auf 500 St\u00fcck - Uhren-Fan","isPartOf":{"@id":"https:\/\/test.uhren-fan.de\/#website"},"primaryImageOfPage":{"@id":"http:\/\/test.uhren-fan.de\/en\/product\/iwc-fliegeruhr-doppelchronograph-edition-dfb-2008-mit-weissem-panda-zifferblatt-ref-iw371803-limitiert-auf-500-stueck\/#primaryimage"},"image":{"@id":"http:\/\/test.uhren-fan.de\/en\/product\/iwc-fliegeruhr-doppelchronograph-edition-dfb-2008-mit-weissem-panda-zifferblatt-ref-iw371803-limitiert-auf-500-stueck\/#primaryimage"},"thumbnailUrl":"http:\/\/test.uhren-fan.de\/wp-content\/uploads\/2026\/01\/iwc-fliegeruhr-doppelchronograph-edition-dfb-2008-ref-iw371803-weisses-panda-zifferblatt-03-2232-1.jpg","datePublished":"2025-12-19T05:27:16+00:00","dateModified":"2026-01-07T14:56:59+00:00","description":"UHREN-FAN.DE | Luxusuhren gebraucht kaufen & verkaufen | IWC | Fliegeruhr Doppelchronograph Edition \"DFB 2008\" Panda-Zifferblatt | Ref. IW371803 - Limitiert auf 500 St\u00fcck","breadcrumb":{"@id":"http:\/\/test.uhren-fan.de\/en\/product\/iwc-fliegeruhr-doppelchronograph-edition-dfb-2008-mit-weissem-panda-zifferblatt-ref-iw371803-limitiert-auf-500-stueck\/#breadcrumb"},"inLanguage":"en-US","potentialAction":[{"@type":"ReadAction","target":["http:\/\/test.uhren-fan.de\/en\/product\/iwc-fliegeruhr-doppelchronograph-edition-dfb-2008-mit-weissem-panda-zifferblatt-ref-iw371803-limitiert-auf-500-stueck\/"]}]},{"@type":"ImageObject","inLanguage":"en-US","@id":"http:\/\/test.uhren-fan.de\/en\/product\/iwc-fliegeruhr-doppelchronograph-edition-dfb-2008-mit-weissem-panda-zifferblatt-ref-iw371803-limitiert-auf-500-stueck\/#primaryimage","url":"http:\/\/test.uhren-fan.de\/wp-content\/uploads\/2026\/01\/iwc-fliegeruhr-doppelchronograph-edition-dfb-2008-ref-iw371803-weisses-panda-zifferblatt-03-2232-1.jpg","contentUrl":"http:\/\/test.uhren-fan.de\/wp-content\/uploads\/2026\/01\/iwc-fliegeruhr-doppelchronograph-edition-dfb-2008-ref-iw371803-weisses-panda-zifferblatt-03-2232-1.jpg","width":1200,"height":1200,"caption":"IWC Fliegeruhr Doppelchronograph Edition \"DFB 2008\" mit wei\u00dfem Panda-Zifferblatt Referenz IW371803"},{"@type":"BreadcrumbList","@id":"http:\/\/test.uhren-fan.de\/en\/product\/iwc-fliegeruhr-doppelchronograph-edition-dfb-2008-mit-weissem-panda-zifferblatt-ref-iw371803-limitiert-auf-500-stueck\/#breadcrumb","itemListElement":[{"@type":"ListItem","position":1,"name":"Startseite","item":"https:\/\/test.uhren-fan.de\/"},{"@type":"ListItem","position":2,"name":"UHREN-FAN.DE","item":"https:\/\/test.uhren-fan.de\/shop\/"},{"@type":"ListItem","position":3,"name":"IWC | Fliegeruhr Doppelchronograph Edition &#8222;DFB 2008&#8220; Panda-Zifferblatt | Ref. IW371803 &#8211; Limitiert auf 500 St\u00fcck"}]},{"@type":"WebSite","@id":"https:\/\/test.uhren-fan.de\/#website","url":"https:\/\/test.uhren-fan.de\/","name":"UHREN-FAN.DE","description":"Luxury watches at a fair price","publisher":{"@id":"https:\/\/test.uhren-fan.de\/#organization"},"alternateName":"UHREN-FAN.DE","potentialAction":[{"@type":"SearchAction","target":{"@type":"EntryPoint","urlTemplate":"https:\/\/test.uhren-fan.de\/?s={search_term_string}"},"query-input":{"@type":"PropertyValueSpecification","valueRequired":true,"valueName":"search_term_string"}}],"inLanguage":"en-US"},{"@type":"Organization","@id":"https:\/\/test.uhren-fan.de\/#organization","name":"UHREN-FAN.DE","alternateName":"UHREN-FAN.DE","url":"https:\/\/test.uhren-fan.de\/","logo":{"@type":"ImageObject","inLanguage":"en-US","@id":"https:\/\/test.uhren-fan.de\/#\/schema\/logo\/image\/","url":"https:\/\/test.uhren-fan.de\/wp-content\/uploads\/2024\/10\/Logo_horiz_blk@2x.png","contentUrl":"https:\/\/test.uhren-fan.de\/wp-content\/uploads\/2024\/10\/Logo_horiz_blk@2x.png","width":345,"height":64,"caption":"UHREN-FAN.DE"},"image":{"@id":"https:\/\/test.uhren-fan.de\/#\/schema\/logo\/image\/"},"sameAs":["https:\/\/www.facebook.com\/UHRENFAN.DE"]}]}},"_links":{"self":[{"href":"http:\/\/test.uhren-fan.de\/en\/wp-json\/wp\/v2\/product\/28116","targetHints":{"allow":["GET"]}}],"collection":[{"href":"http:\/\/test.uhren-fan.de\/en\/wp-json\/wp\/v2\/product"}],"about":[{"href":"http:\/\/test.uhren-fan.de\/en\/wp-json\/wp\/v2\/types\/product"}],"wp:featuredmedia":[{"embeddable":true,"href":"http:\/\/test.uhren-fan.de\/en\/wp-json\/wp\/v2\/media\/26411"}],"wp:attachment":[{"href":"http:\/\/test.uhren-fan.de\/en\/wp-json\/wp\/v2\/media?parent=28116"}],"wp:term":[{"taxonomy":"product_brand","embeddable":true,"href":"http:\/\/test.uhren-fan.de\/en\/wp-json\/wp\/v2\/product_brand?post=28116"},{"taxonomy":"product_cat","embeddable":true,"href":"http:\/\/test.uhren-fan.de\/en\/wp-json\/wp\/v2\/product_cat?post=28116"},{"taxonomy":"product_tag","embeddable":true,"href":"http:\/\/test.uhren-fan.de\/en\/wp-json\/wp\/v2\/product_tag?post=28116"}],"curies":[{"name":"wp","href":"https:\/\/api.w.org\/{rel}","templated":true}]}}