{"id":28118,"date":"2025-12-24T08:24:40","date_gmt":"2025-12-24T07:24:40","guid":{"rendered":"https:\/\/test.uhren-fan.de\/?post_type=product&#038;p=28118"},"modified":"2026-01-07T15:57:00","modified_gmt":"2026-01-07T14:57:00","slug":"panerai-luminor-marina-automatic-44-mm-m-schwarzem-zifferblatt-ref-pam00104-pam104-full-set","status":"publish","type":"product","link":"http:\/\/test.uhren-fan.de\/en\/product\/panerai-luminor-marina-automatic-44-mm-m-schwarzem-zifferblatt-ref-pam00104-pam104-full-set\/","title":{"rendered":"Panerai | Luminor Marina Automatic 44 mm schwarzes Zifferblatt | Ref. PAM00104 (PAM104) &#8211; Full Set"},"content":{"rendered":"<p>All photos show exactly the article we offer - no stock images!<br \/>\nThis item is taxed in accordance with \u00a7 25 A UStG - VAT cannot be shown.<\/p>\n<p>Diese Panerai Luminor Marina PAM00104 verbindet mit dem typischen Military\u2011Charme der Marke moderne Alltagstauglichkeit. Das markante 44\u2011mm\u2011Edelstahlgeh\u00e4use samt dem ber\u00fchmten Kronenschutzb\u00fcgel bietet eine starke Erscheinung am Handgelenk, ohne unnat\u00fcrlich zu wirken.<\/p>\n<p>Unter dem schwarzen Zifferblatt arbeitet das automatische Kaliber OP III. Es ist ein COSC\u2011zertifiziertes Chronometerwerk auf Basis des Valjoux 7750\u2011P1, das Zuverl\u00e4ssigkeit, Robustheit und eine Gangreserve von rund 42 Stunden bietet. Die kleine Sekunde bei 9 Uhr und das Datum um 3 Uhr sorgen f\u00fcr das klassische Luminor\u2011Gesicht, das Panerai\u2011Liebhaber auf den ersten Blick erkennen.<\/p>\n<p>Dank 300 m Wasserdichtigkeit, kratzfestem Saphirglas sowie dem breiten 24\u2011mm\u2011Bandansto\u00df ist diese Uhr ein perfekter Begleiter f\u00fcr Alltag, B\u00fcro oder Freizeit , vom Anzug bis zur Lederjacke. Das Zifferblatt ist sattschwarz, und es bietet leuchtstarke Indizes sowie Zeiger. Selbst bei schlechten Lichtverh\u00e4ltnissen bietet es eine exzellente Ablesbarkeit.<\/p>\n<p>Diese PAM00104 ist genau die richtige Wahl f\u00fcr all jene, die eine charakterstarke Luxus\u2011Sportuhr suchen, welche nicht nur optisch beeindruckt, sondern ebenfalls technisch \u00fcberzeugt.<\/p>\n<p><strong>For more information, see Technical Details.<\/strong><\/p>","protected":false},"excerpt":{"rendered":"<p><strong>original box, original papers (Full Set)<\/strong><br \/>\n<strong>Condition:<\/strong>\u00a0worn | barely visible signs of wear<br \/>\n<strong>Date of first sale:<\/strong> 2007<\/p>\n<p>Die Panerai Luminor Marina PAM00104 ist die perfekte Mischung von italienischem Design sowie tooliger Taucher\u2011DNA , eine Uhr, die man nicht einfach tr\u00e4gt, sondern mit Stolz zeigt. Das 44\u2011mm\u2011Geh\u00e4use hat den ikonischen Kronenschutzb\u00fcgel und ein tiefschwarzes Zifferblatt. Am Handgelenk vermittelt das kraftvolle \u00c4u\u00dfere dieser Uhr das Gef\u00fchl von Abenteuer, Freiheit und purer Mechanik bei jedem Blick auf die Zeit.<\/p>","protected":false},"featured_media":26420,"template":"","meta":{"_acf_changed":false},"product_brand":[],"product_cat":[689],"product_tag":[],"class_list":{"0":"post-28118","1":"product","2":"type-product","3":"status-publish","4":"has-post-thumbnail","6":"product_cat-herrenuhren","8":"first","9":"instock","10":"featured","11":"sold-individually","12":"shipping-taxable","13":"purchasable","14":"product-type-simple"},"acf":[],"yoast_head":"<!-- This site is optimized with the Yoast SEO plugin v26.6 - https:\/\/yoast.com\/wordpress\/plugins\/seo\/ -->\n<title>Panerai | Luminor Marina Automatic 44 mm schwarzes Zifferblatt | Ref. PAM00104 (PAM104) - Full Set - Uhren-Fan<\/title>\n<meta name=\"description\" content=\"UHREN-FAN.DE | Luxusuhren gebraucht kaufen &amp; verkaufen | Panerai | Luminor Marina Automatic 44 mm schwarzes Zifferblatt | Ref. PAM00104 (PAM104) - Full Set\" \/>\n<meta name=\"robots\" content=\"noindex, follow, max-snippet:-1, max-image-preview:large, max-video-preview:-1\" \/>\n<meta property=\"og:locale\" content=\"en_US\" \/>\n<meta property=\"og:type\" content=\"article\" \/>\n<meta property=\"og:title\" content=\"Panerai | Luminor Marina Automatic 44 mm schwarzes Zifferblatt | Ref. PAM00104 (PAM104) - Full Set - Uhren-Fan\" \/>\n<meta property=\"og:description\" content=\"UHREN-FAN.DE | Luxusuhren gebraucht kaufen &amp; verkaufen | Panerai | Luminor Marina Automatic 44 mm schwarzes Zifferblatt | Ref. PAM00104 (PAM104) - Full Set\" \/>\n<meta property=\"og:url\" content=\"http:\/\/test.uhren-fan.de\/en\/product\/panerai-luminor-marina-automatic-44-mm-m-schwarzem-zifferblatt-ref-pam00104-pam104-full-set\/\" \/>\n<meta property=\"og:site_name\" content=\"Uhren-Fan\" \/>\n<meta property=\"article:publisher\" content=\"https:\/\/www.facebook.com\/UHRENFAN.DE\" \/>\n<meta property=\"article:modified_time\" content=\"2026-01-07T14:57:00+00:00\" \/>\n<meta property=\"og:image\" content=\"http:\/\/test.uhren-fan.de\/wp-content\/uploads\/2026\/01\/panerai-luminor-marina-stahl-pam00104-pam104-schwarzes-zifferblatt-03-2234-1.jpg\" \/>\n\t<meta property=\"og:image:width\" content=\"1200\" \/>\n\t<meta property=\"og:image:height\" content=\"1200\" \/>\n\t<meta property=\"og:image:type\" content=\"image\/jpeg\" \/>\n<meta name=\"twitter:card\" content=\"summary_large_image\" \/>\n<meta name=\"twitter:label1\" content=\"Est. reading time\" \/>\n\t<meta name=\"twitter:data1\" content=\"1 minute\" \/>\n<script type=\"application\/ld+json\" class=\"yoast-schema-graph\">{\"@context\":\"https:\/\/schema.org\",\"@graph\":[{\"@type\":\"WebPage\",\"@id\":\"http:\/\/test.uhren-fan.de\/produkt\/panerai-luminor-marina-automatic-44-mm-m-schwarzem-zifferblatt-ref-pam00104-pam104-full-set\/\",\"url\":\"http:\/\/test.uhren-fan.de\/produkt\/panerai-luminor-marina-automatic-44-mm-m-schwarzem-zifferblatt-ref-pam00104-pam104-full-set\/\",\"name\":\"Panerai | Luminor Marina Automatic 44 mm schwarzes Zifferblatt | Ref. PAM00104 (PAM104) - Full Set - Uhren-Fan\",\"isPartOf\":{\"@id\":\"https:\/\/test.uhren-fan.de\/#website\"},\"primaryImageOfPage\":{\"@id\":\"http:\/\/test.uhren-fan.de\/produkt\/panerai-luminor-marina-automatic-44-mm-m-schwarzem-zifferblatt-ref-pam00104-pam104-full-set\/#primaryimage\"},\"image\":{\"@id\":\"http:\/\/test.uhren-fan.de\/produkt\/panerai-luminor-marina-automatic-44-mm-m-schwarzem-zifferblatt-ref-pam00104-pam104-full-set\/#primaryimage\"},\"thumbnailUrl\":\"http:\/\/test.uhren-fan.de\/wp-content\/uploads\/2026\/01\/panerai-luminor-marina-stahl-pam00104-pam104-schwarzes-zifferblatt-03-2234-1.jpg\",\"datePublished\":\"2025-12-24T07:24:40+00:00\",\"dateModified\":\"2026-01-07T14:57:00+00:00\",\"description\":\"UHREN-FAN.DE | Luxusuhren gebraucht kaufen & verkaufen | Panerai | Luminor Marina Automatic 44 mm schwarzes Zifferblatt | Ref. PAM00104 (PAM104) - Full Set\",\"breadcrumb\":{\"@id\":\"http:\/\/test.uhren-fan.de\/produkt\/panerai-luminor-marina-automatic-44-mm-m-schwarzem-zifferblatt-ref-pam00104-pam104-full-set\/#breadcrumb\"},\"inLanguage\":\"en-US\",\"potentialAction\":[{\"@type\":\"ReadAction\",\"target\":[\"http:\/\/test.uhren-fan.de\/produkt\/panerai-luminor-marina-automatic-44-mm-m-schwarzem-zifferblatt-ref-pam00104-pam104-full-set\/\"]}]},{\"@type\":\"ImageObject\",\"inLanguage\":\"en-US\",\"@id\":\"http:\/\/test.uhren-fan.de\/produkt\/panerai-luminor-marina-automatic-44-mm-m-schwarzem-zifferblatt-ref-pam00104-pam104-full-set\/#primaryimage\",\"url\":\"http:\/\/test.uhren-fan.de\/wp-content\/uploads\/2026\/01\/panerai-luminor-marina-stahl-pam00104-pam104-schwarzes-zifferblatt-03-2234-1.jpg\",\"contentUrl\":\"http:\/\/test.uhren-fan.de\/wp-content\/uploads\/2026\/01\/panerai-luminor-marina-stahl-pam00104-pam104-schwarzes-zifferblatt-03-2234-1.jpg\",\"width\":1200,\"height\":1200,\"caption\":\"Panerai Luminor Marina Automatic 44 mm mit schwarzem Zifferblatt Referenz PAM00104 (PAM104)\"},{\"@type\":\"BreadcrumbList\",\"@id\":\"http:\/\/test.uhren-fan.de\/produkt\/panerai-luminor-marina-automatic-44-mm-m-schwarzem-zifferblatt-ref-pam00104-pam104-full-set\/#breadcrumb\",\"itemListElement\":[{\"@type\":\"ListItem\",\"position\":1,\"name\":\"Startseite\",\"item\":\"https:\/\/test.uhren-fan.de\/\"},{\"@type\":\"ListItem\",\"position\":2,\"name\":\"UHREN-FAN.DE\",\"item\":\"https:\/\/test.uhren-fan.de\/shop\/\"},{\"@type\":\"ListItem\",\"position\":3,\"name\":\"Panerai | Luminor Marina Automatic 44 mm schwarzes Zifferblatt | Ref. PAM00104 (PAM104) &#8211; Full Set\"}]},{\"@type\":\"WebSite\",\"@id\":\"https:\/\/test.uhren-fan.de\/#website\",\"url\":\"https:\/\/test.uhren-fan.de\/\",\"name\":\"UHREN-FAN.DE\",\"description\":\"Luxusuhren zum fairen Preis\",\"publisher\":{\"@id\":\"https:\/\/test.uhren-fan.de\/#organization\"},\"alternateName\":\"UHREN-FAN.DE\",\"potentialAction\":[{\"@type\":\"SearchAction\",\"target\":{\"@type\":\"EntryPoint\",\"urlTemplate\":\"https:\/\/test.uhren-fan.de\/?s={search_term_string}\"},\"query-input\":{\"@type\":\"PropertyValueSpecification\",\"valueRequired\":true,\"valueName\":\"search_term_string\"}}],\"inLanguage\":\"en-US\"},{\"@type\":\"Organization\",\"@id\":\"https:\/\/test.uhren-fan.de\/#organization\",\"name\":\"UHREN-FAN.DE\",\"alternateName\":\"UHREN-FAN.DE\",\"url\":\"https:\/\/test.uhren-fan.de\/\",\"logo\":{\"@type\":\"ImageObject\",\"inLanguage\":\"en-US\",\"@id\":\"https:\/\/test.uhren-fan.de\/#\/schema\/logo\/image\/\",\"url\":\"https:\/\/test.uhren-fan.de\/wp-content\/uploads\/2024\/10\/Logo_horiz_blk@2x.png\",\"contentUrl\":\"https:\/\/test.uhren-fan.de\/wp-content\/uploads\/2024\/10\/Logo_horiz_blk@2x.png\",\"width\":345,\"height\":64,\"caption\":\"UHREN-FAN.DE\"},\"image\":{\"@id\":\"https:\/\/test.uhren-fan.de\/#\/schema\/logo\/image\/\"},\"sameAs\":[\"https:\/\/www.facebook.com\/UHRENFAN.DE\"]}]}<\/script>\n<!-- \/ Yoast SEO plugin. -->","yoast_head_json":{"title":"Panerai | Luminor Marina Automatic 44 mm schwarzes Zifferblatt | Ref. PAM00104 (PAM104) - Full Set - Uhren-Fan","description":"UHREN-FAN.DE | Luxusuhren gebraucht kaufen & verkaufen | Panerai | Luminor Marina Automatic 44 mm schwarzes Zifferblatt | Ref. PAM00104 (PAM104) - Full Set","robots":{"index":"noindex","follow":"follow","max-snippet":"max-snippet:-1","max-image-preview":"max-image-preview:large","max-video-preview":"max-video-preview:-1"},"og_locale":"en_US","og_type":"article","og_title":"Panerai | Luminor Marina Automatic 44 mm schwarzes Zifferblatt | Ref. PAM00104 (PAM104) - Full Set - Uhren-Fan","og_description":"UHREN-FAN.DE | Luxusuhren gebraucht kaufen & verkaufen | Panerai | Luminor Marina Automatic 44 mm schwarzes Zifferblatt | Ref. PAM00104 (PAM104) - Full Set","og_url":"http:\/\/test.uhren-fan.de\/en\/product\/panerai-luminor-marina-automatic-44-mm-m-schwarzem-zifferblatt-ref-pam00104-pam104-full-set\/","og_site_name":"Uhren-Fan","article_publisher":"https:\/\/www.facebook.com\/UHRENFAN.DE","article_modified_time":"2026-01-07T14:57:00+00:00","og_image":[{"width":1200,"height":1200,"url":"http:\/\/test.uhren-fan.de\/wp-content\/uploads\/2026\/01\/panerai-luminor-marina-stahl-pam00104-pam104-schwarzes-zifferblatt-03-2234-1.jpg","type":"image\/jpeg"}],"twitter_card":"summary_large_image","twitter_misc":{"Est. reading time":"1 minute"},"schema":{"@context":"https:\/\/schema.org","@graph":[{"@type":"WebPage","@id":"http:\/\/test.uhren-fan.de\/produkt\/panerai-luminor-marina-automatic-44-mm-m-schwarzem-zifferblatt-ref-pam00104-pam104-full-set\/","url":"http:\/\/test.uhren-fan.de\/produkt\/panerai-luminor-marina-automatic-44-mm-m-schwarzem-zifferblatt-ref-pam00104-pam104-full-set\/","name":"Panerai | Luminor Marina Automatic 44 mm schwarzes Zifferblatt | Ref. PAM00104 (PAM104) - Full Set - Uhren-Fan","isPartOf":{"@id":"https:\/\/test.uhren-fan.de\/#website"},"primaryImageOfPage":{"@id":"http:\/\/test.uhren-fan.de\/produkt\/panerai-luminor-marina-automatic-44-mm-m-schwarzem-zifferblatt-ref-pam00104-pam104-full-set\/#primaryimage"},"image":{"@id":"http:\/\/test.uhren-fan.de\/produkt\/panerai-luminor-marina-automatic-44-mm-m-schwarzem-zifferblatt-ref-pam00104-pam104-full-set\/#primaryimage"},"thumbnailUrl":"http:\/\/test.uhren-fan.de\/wp-content\/uploads\/2026\/01\/panerai-luminor-marina-stahl-pam00104-pam104-schwarzes-zifferblatt-03-2234-1.jpg","datePublished":"2025-12-24T07:24:40+00:00","dateModified":"2026-01-07T14:57:00+00:00","description":"UHREN-FAN.DE | Luxusuhren gebraucht kaufen & verkaufen | Panerai | Luminor Marina Automatic 44 mm schwarzes Zifferblatt | Ref. PAM00104 (PAM104) - Full Set","breadcrumb":{"@id":"http:\/\/test.uhren-fan.de\/produkt\/panerai-luminor-marina-automatic-44-mm-m-schwarzem-zifferblatt-ref-pam00104-pam104-full-set\/#breadcrumb"},"inLanguage":"en-US","potentialAction":[{"@type":"ReadAction","target":["http:\/\/test.uhren-fan.de\/produkt\/panerai-luminor-marina-automatic-44-mm-m-schwarzem-zifferblatt-ref-pam00104-pam104-full-set\/"]}]},{"@type":"ImageObject","inLanguage":"en-US","@id":"http:\/\/test.uhren-fan.de\/produkt\/panerai-luminor-marina-automatic-44-mm-m-schwarzem-zifferblatt-ref-pam00104-pam104-full-set\/#primaryimage","url":"http:\/\/test.uhren-fan.de\/wp-content\/uploads\/2026\/01\/panerai-luminor-marina-stahl-pam00104-pam104-schwarzes-zifferblatt-03-2234-1.jpg","contentUrl":"http:\/\/test.uhren-fan.de\/wp-content\/uploads\/2026\/01\/panerai-luminor-marina-stahl-pam00104-pam104-schwarzes-zifferblatt-03-2234-1.jpg","width":1200,"height":1200,"caption":"Panerai Luminor Marina Automatic 44 mm mit schwarzem Zifferblatt Referenz PAM00104 (PAM104)"},{"@type":"BreadcrumbList","@id":"http:\/\/test.uhren-fan.de\/produkt\/panerai-luminor-marina-automatic-44-mm-m-schwarzem-zifferblatt-ref-pam00104-pam104-full-set\/#breadcrumb","itemListElement":[{"@type":"ListItem","position":1,"name":"Startseite","item":"https:\/\/test.uhren-fan.de\/"},{"@type":"ListItem","position":2,"name":"UHREN-FAN.DE","item":"https:\/\/test.uhren-fan.de\/shop\/"},{"@type":"ListItem","position":3,"name":"Panerai | Luminor Marina Automatic 44 mm schwarzes Zifferblatt | Ref. PAM00104 (PAM104) &#8211; Full Set"}]},{"@type":"WebSite","@id":"https:\/\/test.uhren-fan.de\/#website","url":"https:\/\/test.uhren-fan.de\/","name":"UHREN-FAN.DE","description":"Luxury watches at a fair price","publisher":{"@id":"https:\/\/test.uhren-fan.de\/#organization"},"alternateName":"UHREN-FAN.DE","potentialAction":[{"@type":"SearchAction","target":{"@type":"EntryPoint","urlTemplate":"https:\/\/test.uhren-fan.de\/?s={search_term_string}"},"query-input":{"@type":"PropertyValueSpecification","valueRequired":true,"valueName":"search_term_string"}}],"inLanguage":"en-US"},{"@type":"Organization","@id":"https:\/\/test.uhren-fan.de\/#organization","name":"UHREN-FAN.DE","alternateName":"UHREN-FAN.DE","url":"https:\/\/test.uhren-fan.de\/","logo":{"@type":"ImageObject","inLanguage":"en-US","@id":"https:\/\/test.uhren-fan.de\/#\/schema\/logo\/image\/","url":"https:\/\/test.uhren-fan.de\/wp-content\/uploads\/2024\/10\/Logo_horiz_blk@2x.png","contentUrl":"https:\/\/test.uhren-fan.de\/wp-content\/uploads\/2024\/10\/Logo_horiz_blk@2x.png","width":345,"height":64,"caption":"UHREN-FAN.DE"},"image":{"@id":"https:\/\/test.uhren-fan.de\/#\/schema\/logo\/image\/"},"sameAs":["https:\/\/www.facebook.com\/UHRENFAN.DE"]}]}},"_links":{"self":[{"href":"http:\/\/test.uhren-fan.de\/en\/wp-json\/wp\/v2\/product\/28118","targetHints":{"allow":["GET"]}}],"collection":[{"href":"http:\/\/test.uhren-fan.de\/en\/wp-json\/wp\/v2\/product"}],"about":[{"href":"http:\/\/test.uhren-fan.de\/en\/wp-json\/wp\/v2\/types\/product"}],"wp:featuredmedia":[{"embeddable":true,"href":"http:\/\/test.uhren-fan.de\/en\/wp-json\/wp\/v2\/media\/26420"}],"wp:attachment":[{"href":"http:\/\/test.uhren-fan.de\/en\/wp-json\/wp\/v2\/media?parent=28118"}],"wp:term":[{"taxonomy":"product_brand","embeddable":true,"href":"http:\/\/test.uhren-fan.de\/en\/wp-json\/wp\/v2\/product_brand?post=28118"},{"taxonomy":"product_cat","embeddable":true,"href":"http:\/\/test.uhren-fan.de\/en\/wp-json\/wp\/v2\/product_cat?post=28118"},{"taxonomy":"product_tag","embeddable":true,"href":"http:\/\/test.uhren-fan.de\/en\/wp-json\/wp\/v2\/product_tag?post=28118"}],"curies":[{"name":"wp","href":"https:\/\/api.w.org\/{rel}","templated":true}]}}